{"id":108,"date":"2025-02-03T19:10:13","date_gmt":"2025-02-03T19:10:13","guid":{"rendered":"https:\/\/protrail.fi\/?page_id=108"},"modified":"2026-01-15T09:23:32","modified_gmt":"2026-01-15T09:23:32","slug":"tietoa-meista","status":"publish","type":"page","link":"https:\/\/protrail.fi\/?page_id=108","title":{"rendered":"Tietoa meist\u00e4"},"content":{"rendered":"\n<div style=\"height:44px\" aria-hidden=\"true\" class=\"wp-block-spacer\"><\/div>\n\n\n\n<div class=\"wp-block-columns is-layout-flex wp-container-core-columns-is-layout-9d6595d7 wp-block-columns-is-layout-flex\">\n<div class=\"wp-block-column is-layout-flow wp-block-column-is-layout-flow\">\n<figure class=\"wp-block-image size-full is-resized\"><img loading=\"lazy\" decoding=\"async\" width=\"647\" height=\"850\" src=\"https:\/\/protrail.fi\/wp-content\/uploads\/2025\/07\/Kuva1-2.jpg\" alt=\"Panda-promootio, Protrail\" class=\"wp-image-568\" style=\"aspect-ratio:0.7519395387294602;width:550px;height:auto\" srcset=\"https:\/\/protrail.fi\/wp-content\/uploads\/2025\/07\/Kuva1-2.jpg 647w, https:\/\/protrail.fi\/wp-content\/uploads\/2025\/07\/Kuva1-2-228x300.jpg 228w\" sizes=\"auto, (max-width: 647px) 100vw, 647px\" \/><\/figure>\n<\/div>\n\n\n\n<div class=\"wp-block-column is-vertically-aligned-center is-layout-flow wp-block-column-is-layout-flow\">\n<h2 class=\"wp-block-heading\">Yhdess\u00e4 asiakkaidemme kanssa<\/h2>\n\n\n\n<p>ProTrail on vuonna 2019 perustettu yritys, jonka taustalla on vahva intohimo ja halu luoda asiakkaille n\u00e4ytt\u00e4vi\u00e4, erottuvia ja toimivia n\u00e4kyvyyden ratkaisuja. Vuosien varrella olemme onnistuneet rakentamaan asiantuntevan ja innovatiivisen tiimin, joka vie jokaista projektia eteenp\u00e4in syd\u00e4mell\u00e4 ja suurella innostuksella.<\/p>\n\n\n\n<div class=\"wp-block-buttons is-layout-flex wp-block-buttons-is-layout-flex\">\n<div class=\"wp-block-button is-style-primary\"><a class=\"wp-block-button__link wp-element-button\" href=\"https:\/\/protrail.fi\/?page_id=84\">Ota yhteytt\u00e4!<\/a><\/div>\n<\/div>\n<\/div>\n<\/div>\n\n\n\n<h2 class=\"wp-block-heading\">Protrail<\/h2>\n\n\n\n<p>Meille ProTraililla on t\u00e4rke\u00e4\u00e4, ett\u00e4 kaikki mit\u00e4 teemme, perustuu syv\u00e4\u00e4n ymm\u00e4rrykseen asiakkaidemme tarpeista ja toiveista. Tavoitteemme ei ole vain t\u00e4ytt\u00e4\u00e4 odotuksia, vaan ylitt\u00e4\u00e4 ne. <\/p>\n\n\n\n<p>Yrityksen ja palveluiden kehityksen my\u00f6t\u00e4 olemme luoneet ymp\u00e4rist\u00f6n, jossa jokainen tiimin j\u00e4sen voi tuoda omat vahvuutensa esille. Yhteisty\u00f6 on avainasemassa, sill\u00e4 uskomme, ett\u00e4 parhaat tulokset syntyv\u00e4t tiimity\u00f6n kautta. Meill\u00e4 on mahdollisuus ja vapaus kokeilla uusia ideoita, rohkeita ratkaisuja ja innovatiivisia l\u00e4hestymistapoja. T\u00e4m\u00e4 kulttuuri n\u00e4kyy my\u00f6s asiakkaillemme.<\/p>\n\n\n\n<p>Tulevaisuudessa ProTraililla haluamme jatkaa kehityst\u00e4. Olemme valmiita tarttumaan uusiin haasteisiin ja suuntaamaan kohti tulevaa. Tavoitteenamme on luoda kest\u00e4vi\u00e4 ja inspiroivia kokemuksia promootioiden ja tapahtumien kautta, jotka viev\u00e4t asiakkaittemme br\u00e4ndit ja visiot uudelle tasolle. Pysymme sitoutuneina jatkuvaan oppimiseen ja parempien ratkaisujen etsimiseen \u2013 aina yhdess\u00e4 asiakkaidemme kanssa.<\/p>\n\n\n\n<div style=\"height:100px\" aria-hidden=\"true\" class=\"wp-block-spacer\"><\/div>\n","protected":false},"excerpt":{"rendered":"<p>Yhdess\u00e4 asiakkaidemme kanssa ProTrail on vuonna 2019 perustettu yritys, jonka taustalla on vahva intohimo ja halu luoda asiakkaille n\u00e4ytt\u00e4vi\u00e4, erottuvia ja toimivia n\u00e4kyvyyden ratkaisuja. Vuosien varrella olemme onnistuneet rakentamaan asiantuntevan ja innovatiivisen tiimin, joka vie jokaista projektia eteenp\u00e4in syd\u00e4mell\u00e4 ja suurella innostuksella. Protrail Meille ProTraililla on t\u00e4rke\u00e4\u00e4, ett\u00e4 kaikki mit\u00e4 teemme, perustuu syv\u00e4\u00e4n ymm\u00e4rrykseen asiakkaidemme&hellip;&nbsp;<a href=\"https:\/\/protrail.fi\/?page_id=108\" rel=\"bookmark\">Read More &raquo;<span class=\"screen-reader-text\">Tietoa meist\u00e4<\/span><\/a><\/p>\n","protected":false},"author":1,"featured_media":0,"parent":0,"menu_order":0,"comment_status":"closed","ping_status":"closed","template":"","meta":{"neve_meta_sidebar":"","neve_meta_container":"","neve_meta_enable_content_width":"","neve_meta_content_width":0,"neve_meta_title_alignment":"","neve_meta_author_avatar":"","neve_post_elements_order":"","neve_meta_disable_header":"","neve_meta_disable_footer":"","neve_meta_disable_title":"","neve_meta_reading_time":"","footnotes":""},"class_list":["post-108","page","type-page","status-publish","hentry"],"_links":{"self":[{"href":"https:\/\/protrail.fi\/index.php?rest_route=\/wp\/v2\/pages\/108","targetHints":{"allow":["GET"]}}],"collection":[{"href":"https:\/\/protrail.fi\/index.php?rest_route=\/wp\/v2\/pages"}],"about":[{"href":"https:\/\/protrail.fi\/index.php?rest_route=\/wp\/v2\/types\/page"}],"author":[{"embeddable":true,"href":"https:\/\/protrail.fi\/index.php?rest_route=\/wp\/v2\/users\/1"}],"replies":[{"embeddable":true,"href":"https:\/\/protrail.fi\/index.php?rest_route=%2Fwp%2Fv2%2Fcomments&post=108"}],"version-history":[{"count":15,"href":"https:\/\/protrail.fi\/index.php?rest_route=\/wp\/v2\/pages\/108\/revisions"}],"predecessor-version":[{"id":652,"href":"https:\/\/protrail.fi\/index.php?rest_route=\/wp\/v2\/pages\/108\/revisions\/652"}],"wp:attachment":[{"href":"https:\/\/protrail.fi\/index.php?rest_route=%2Fwp%2Fv2%2Fmedia&parent=108"}],"curies":[{"name":"wp","href":"https:\/\/api.w.org\/{rel}","templated":true}]}}