{"id":151,"date":"2025-02-04T15:19:20","date_gmt":"2025-02-04T15:19:20","guid":{"rendered":"https:\/\/protrail.fi\/?page_id=151"},"modified":"2025-07-02T12:50:54","modified_gmt":"2025-07-02T12:50:54","slug":"messut","status":"publish","type":"page","link":"https:\/\/protrail.fi\/?page_id=151","title":{"rendered":"Messut"},"content":{"rendered":"\n<div style=\"height:100px\" aria-hidden=\"true\" class=\"wp-block-spacer\"><\/div>\n\n\n\n<div class=\"wp-block-columns is-layout-flex wp-container-core-columns-is-layout-9d6595d7 wp-block-columns-is-layout-flex\">\n<div class=\"wp-block-column is-layout-flow wp-block-column-is-layout-flow\">\n<figure class=\"wp-block-image size-full\"><img loading=\"lazy\" decoding=\"async\" width=\"906\" height=\"1092\" src=\"https:\/\/protrail.fi\/wp-content\/uploads\/2025\/04\/Messut_paakuva.jpg\" alt=\"\" class=\"wp-image-435\" srcset=\"https:\/\/protrail.fi\/wp-content\/uploads\/2025\/04\/Messut_paakuva.jpg 906w, https:\/\/protrail.fi\/wp-content\/uploads\/2025\/04\/Messut_paakuva-249x300.jpg 249w, https:\/\/protrail.fi\/wp-content\/uploads\/2025\/04\/Messut_paakuva-850x1024.jpg 850w, https:\/\/protrail.fi\/wp-content\/uploads\/2025\/04\/Messut_paakuva-768x926.jpg 768w\" sizes=\"auto, (max-width: 906px) 100vw, 906px\" \/><\/figure>\n<\/div>\n\n\n\n<div class=\"wp-block-column is-vertically-aligned-center is-layout-flow wp-block-column-is-layout-flow\">\n<h2 class=\"wp-block-heading\">Messupalvelut, jotka erottuvat edukseen<\/h2>\n\n\n\n<p>Suunnittelemme ja toteutamme messust\u00e4ndit, jotka her\u00e4tt\u00e4v\u00e4t huomiota ja tukevat liiketoimintasi tavoitteita. Tarjoamme r\u00e4\u00e4t\u00e4l\u00f6idyt ratkaisut, aina visuaalisesta suunnittelusta k\u00e4yt\u00e4nn\u00f6n toteutukseen. Hy\u00f6dynn\u00e4mme tarvittaessa laajaa kumppaniverkostoamme varmistaaksemme n\u00e4ytt\u00e4v\u00e4n, toimivan ja br\u00e4ndi\u00e4si vahvistavan messukokonaisuuden. Kauttamme my\u00f6s ty\u00f6ntekij\u00e4t osastollesi!<\/p>\n\n\n\n<div class=\"wp-block-buttons is-layout-flex wp-block-buttons-is-layout-flex\">\n<div class=\"wp-block-button is-style-primary\"><a class=\"wp-block-button__link wp-element-button\" href=\"https:\/\/protrail.fi\/?page_id=84\">Ota yhteytt\u00e4!<\/a><\/div>\n<\/div>\n<\/div>\n<\/div>\n\n\n\n<div style=\"height:65px\" aria-hidden=\"true\" class=\"wp-block-spacer\"><\/div>\n\n\n\n<div class=\"wp-block-columns is-layout-flex wp-container-core-columns-is-layout-9d6595d7 wp-block-columns-is-layout-flex\">\n<div class=\"wp-block-column is-layout-flow wp-block-column-is-layout-flow\">\n<figure class=\"wp-block-image size-full\"><img loading=\"lazy\" decoding=\"async\" width=\"620\" height=\"808\" src=\"https:\/\/protrail.fi\/wp-content\/uploads\/2025\/04\/Messustandi.jpg\" alt=\"\" class=\"wp-image-439\" srcset=\"https:\/\/protrail.fi\/wp-content\/uploads\/2025\/04\/Messustandi.jpg 620w, https:\/\/protrail.fi\/wp-content\/uploads\/2025\/04\/Messustandi-230x300.jpg 230w\" sizes=\"auto, (max-width: 620px) 100vw, 620px\" \/><\/figure>\n\n\n\n<p><\/p>\n\n\n\n<h3 class=\"wp-block-heading\"><strong>Erotu kilpailijoista messuilla!<\/strong><\/h3>\n\n\n\n<p>Suunnittelemme ja toteutamme n\u00e4ytt\u00e4v\u00e4t messuosastot, jotka houkuttelevat asiakkaita ja vahvistavat br\u00e4ndi\u00e4si.<\/p>\n\n\n\n<div class=\"wp-block-buttons is-layout-flex wp-block-buttons-is-layout-flex\"><\/div>\n\n\n\n<div style=\"height:30px\" aria-hidden=\"true\" class=\"wp-block-spacer\"><\/div>\n<\/div>\n\n\n\n<div class=\"wp-block-column is-layout-flow wp-block-column-is-layout-flow\">\n<figure class=\"wp-block-image size-full\"><img loading=\"lazy\" decoding=\"async\" width=\"620\" height=\"808\" src=\"https:\/\/protrail.fi\/wp-content\/uploads\/2025\/04\/Messuhenkilo.jpg\" alt=\"\" class=\"wp-image-438\" srcset=\"https:\/\/protrail.fi\/wp-content\/uploads\/2025\/04\/Messuhenkilo.jpg 620w, https:\/\/protrail.fi\/wp-content\/uploads\/2025\/04\/Messuhenkilo-230x300.jpg 230w\" sizes=\"auto, (max-width: 620px) 100vw, 620px\" \/><\/figure>\n\n\n\n<p><\/p>\n\n\n\n<h3 class=\"wp-block-heading\"><strong>Tee messuista myynnin menestystarina!<\/strong><\/h3>\n\n\n\n<p>Tarjoamme kokonaisvaltaiset messuratkaisut suunnittelusta toteutukseen ja osaaviin messuty\u00f6ntekij\u00f6ihin.<\/p>\n\n\n\n<div class=\"wp-block-buttons is-layout-flex wp-block-buttons-is-layout-flex\"><\/div>\n\n\n\n<div style=\"height:30px\" aria-hidden=\"true\" class=\"wp-block-spacer\"><\/div>\n<\/div>\n\n\n\n<div class=\"wp-block-column is-layout-flow wp-block-column-is-layout-flow\">\n<figure class=\"wp-block-image size-full\"><img loading=\"lazy\" decoding=\"async\" width=\"620\" height=\"808\" src=\"https:\/\/protrail.fi\/wp-content\/uploads\/2025\/04\/Messufiilis.jpg\" alt=\"\" class=\"wp-image-440\" srcset=\"https:\/\/protrail.fi\/wp-content\/uploads\/2025\/04\/Messufiilis.jpg 620w, https:\/\/protrail.fi\/wp-content\/uploads\/2025\/04\/Messufiilis-230x300.jpg 230w\" sizes=\"auto, (max-width: 620px) 100vw, 620px\" \/><\/figure>\n\n\n\n<p><\/p>\n\n\n\n<h3 class=\"wp-block-heading\"><strong>Huolettomat messut \u2013 me hoidamme kaiken!<\/strong><\/h3>\n\n\n\n<p>Sin\u00e4 voit keskitty\u00e4 liiketoimintaasi, kun me varmistamme, ett\u00e4 messuosastosi ja henkil\u00f6kuntasi ovat huippuluokkaa.<\/p>\n\n\n\n<div class=\"wp-block-buttons is-layout-flex wp-block-buttons-is-layout-flex\"><\/div>\n\n\n\n<div style=\"height:30px\" aria-hidden=\"true\" class=\"wp-block-spacer\"><\/div>\n<\/div>\n<\/div>\n\n\n\n<div style=\"height:37px\" aria-hidden=\"true\" class=\"wp-block-spacer\"><\/div>\n\n\n\n<div class=\"wp-block-cover alignfull\" style=\"min-height:700px;aspect-ratio:unset;\"><img loading=\"lazy\" decoding=\"async\" width=\"696\" height=\"329\" class=\"wp-block-cover__image-background wp-image-331\" alt=\"\" src=\"https:\/\/protrail.fi\/wp-content\/uploads\/2025\/04\/Messut_vaaka.jpg\" data-object-fit=\"cover\" srcset=\"https:\/\/protrail.fi\/wp-content\/uploads\/2025\/04\/Messut_vaaka.jpg 696w, https:\/\/protrail.fi\/wp-content\/uploads\/2025\/04\/Messut_vaaka-300x142.jpg 300w\" sizes=\"auto, (max-width: 696px) 100vw, 696px\" \/><span aria-hidden=\"true\" class=\"wp-block-cover__background has-background-dim-30 has-background-dim\" style=\"background-color:#6e556f\"><\/span><div class=\"wp-block-cover__inner-container is-layout-flow wp-block-cover-is-layout-flow\">\n<h1 class=\"wp-block-heading has-text-align-center has-white-color has-text-color\">Kokonaisvaltaiset messuratkaisut yrityksesi tarpeisiin. <\/h1>\n\n\n\n<p class=\"has-text-align-center has-white-color has-text-color\" style=\"font-size:23px\">Kauttamme my\u00f6s osaavat ty\u00f6ntekij\u00e4t osastollesi.<\/p>\n\n\n\n<div style=\"height:40px\" aria-hidden=\"true\" class=\"wp-block-spacer\"><\/div>\n\n\n\n<div class=\"wp-block-group\"><div class=\"wp-block-group__inner-container is-layout-flow wp-block-group-is-layout-flow\">\n<div class=\"wp-block-buttons is-content-justification-center is-layout-flex wp-container-core-buttons-is-layout-16018d1d wp-block-buttons-is-layout-flex\"><\/div>\n<\/div><\/div>\n<\/div><\/div>\n\n\n\n<div style=\"height:120px\" aria-hidden=\"true\" class=\"wp-block-spacer\"><\/div>\n","protected":false},"excerpt":{"rendered":"<p>Messupalvelut, jotka erottuvat edukseen Suunnittelemme ja toteutamme messust\u00e4ndit, jotka her\u00e4tt\u00e4v\u00e4t huomiota ja tukevat liiketoimintasi tavoitteita. Tarjoamme r\u00e4\u00e4t\u00e4l\u00f6idyt ratkaisut, aina visuaalisesta suunnittelusta k\u00e4yt\u00e4nn\u00f6n toteutukseen. Hy\u00f6dynn\u00e4mme tarvittaessa laajaa kumppaniverkostoamme varmistaaksemme n\u00e4ytt\u00e4v\u00e4n, toimivan ja br\u00e4ndi\u00e4si vahvistavan messukokonaisuuden. Kauttamme my\u00f6s ty\u00f6ntekij\u00e4t osastollesi! Erotu kilpailijoista messuilla! Suunnittelemme ja toteutamme n\u00e4ytt\u00e4v\u00e4t messuosastot, jotka houkuttelevat asiakkaita ja vahvistavat br\u00e4ndi\u00e4si. Tee messuista myynnin&hellip;&nbsp;<a href=\"https:\/\/protrail.fi\/?page_id=151\" rel=\"bookmark\">Read More &raquo;<span class=\"screen-reader-text\">Messut<\/span><\/a><\/p>\n","protected":false},"author":1,"featured_media":0,"parent":0,"menu_order":0,"comment_status":"closed","ping_status":"closed","template":"","meta":{"neve_meta_sidebar":"","neve_meta_container":"","neve_meta_enable_content_width":"","neve_meta_content_width":0,"neve_meta_title_alignment":"","neve_meta_author_avatar":"","neve_post_elements_order":"","neve_meta_disable_header":"","neve_meta_disable_footer":"","neve_meta_disable_title":"","neve_meta_reading_time":"","footnotes":""},"class_list":["post-151","page","type-page","status-publish","hentry"],"_links":{"self":[{"href":"https:\/\/protrail.fi\/index.php?rest_route=\/wp\/v2\/pages\/151","targetHints":{"allow":["GET"]}}],"collection":[{"href":"https:\/\/protrail.fi\/index.php?rest_route=\/wp\/v2\/pages"}],"about":[{"href":"https:\/\/protrail.fi\/index.php?rest_route=\/wp\/v2\/types\/page"}],"author":[{"embeddable":true,"href":"https:\/\/protrail.fi\/index.php?rest_route=\/wp\/v2\/users\/1"}],"replies":[{"embeddable":true,"href":"https:\/\/protrail.fi\/index.php?rest_route=%2Fwp%2Fv2%2Fcomments&post=151"}],"version-history":[{"count":21,"href":"https:\/\/protrail.fi\/index.php?rest_route=\/wp\/v2\/pages\/151\/revisions"}],"predecessor-version":[{"id":555,"href":"https:\/\/protrail.fi\/index.php?rest_route=\/wp\/v2\/pages\/151\/revisions\/555"}],"wp:attachment":[{"href":"https:\/\/protrail.fi\/index.php?rest_route=%2Fwp%2Fv2%2Fmedia&parent=151"}],"curies":[{"name":"wp","href":"https:\/\/api.w.org\/{rel}","templated":true}]}}