{"id":24,"date":"2025-02-03T17:28:31","date_gmt":"2025-02-03T17:28:31","guid":{"rendered":"https:\/\/protrail.fi\/?page_id=24"},"modified":"2025-09-11T06:42:34","modified_gmt":"2025-09-11T06:42:34","slug":"etusivu","status":"publish","type":"page","link":"https:\/\/protrail.fi\/","title":{"rendered":"Etusivu"},"content":{"rendered":"\n<div class=\"wp-block-cover alignfull is-light\" style=\"min-height:654px;aspect-ratio:unset;\"><img loading=\"lazy\" decoding=\"async\" width=\"1965\" height=\"2456\" class=\"wp-block-cover__image-background wp-image-405\" alt=\"\" src=\"https:\/\/protrail.fi\/wp-content\/uploads\/2025\/04\/image2-2.jpeg\" style=\"object-position:53% 53%\" data-object-fit=\"cover\" data-object-position=\"53% 53%\" srcset=\"https:\/\/protrail.fi\/wp-content\/uploads\/2025\/04\/image2-2.jpeg 1965w, https:\/\/protrail.fi\/wp-content\/uploads\/2025\/04\/image2-2-240x300.jpeg 240w, https:\/\/protrail.fi\/wp-content\/uploads\/2025\/04\/image2-2-819x1024.jpeg 819w, https:\/\/protrail.fi\/wp-content\/uploads\/2025\/04\/image2-2-768x960.jpeg 768w, https:\/\/protrail.fi\/wp-content\/uploads\/2025\/04\/image2-2-1229x1536.jpeg 1229w, https:\/\/protrail.fi\/wp-content\/uploads\/2025\/04\/image2-2-1639x2048.jpeg 1639w\" sizes=\"auto, (max-width: 1965px) 100vw, 1965px\" \/><span aria-hidden=\"true\" class=\"wp-block-cover__background has-nv-dark-bg-background-color has-background-dim-30 has-background-dim\"><\/span><div class=\"wp-block-cover__inner-container is-layout-flow wp-block-cover-is-layout-flow\">\n<p><\/p>\n\n\n\n<p><\/p>\n\n\n\n<p><\/p>\n\n\n\n<h1 class=\"wp-block-heading has-text-align-center has-white-color has-text-color\">Kasvata myynti\u00e4si, vahvista br\u00e4ndi\u00e4si.<\/h1>\n\n\n\n<p class=\"has-text-align-center has-white-color has-text-color\" style=\"font-size:23px\"><strong><strong>Autamme sinua tekem\u00e4\u00e4n tehokasta myynninedist\u00e4mist\u00e4 ja vaikuttavaa br\u00e4ndin\u00e4kyvyytt\u00e4<\/strong><\/strong>!<\/p>\n\n\n\n<div style=\"height:40px\" aria-hidden=\"true\" class=\"wp-block-spacer\"><\/div>\n\n\n\n<div class=\"wp-block-group\"><div class=\"wp-block-group__inner-container is-layout-flow wp-block-group-is-layout-flow\">\n<div class=\"wp-block-buttons is-content-justification-center is-layout-flex wp-container-core-buttons-is-layout-16018d1d wp-block-buttons-is-layout-flex\"><\/div>\n<\/div><\/div>\n<\/div><\/div>\n\n\n\n<div style=\"height:37px\" aria-hidden=\"true\" class=\"wp-block-spacer\"><\/div>\n\n\n\n<h3 class=\"wp-block-heading has-text-align-center\">Protrail Oy<\/h3>\n\n\n\n<p class=\"has-text-align-center\">Autamme asiakkaitamme kasvattamaan myynti\u00e4 sek\u00e4 vahvistamaan br\u00e4ndej\u00e4 monipuolisilla keinoilla. Tarjoamme <strong>myyntipromootioita,<\/strong> joissa lis\u00e4\u00e4mme tuotteiden n\u00e4kyvyytt\u00e4 ja houkuttelevuutta myym\u00e4l\u00f6iss\u00e4 tai muussa asiakkaan lokaatiossa. <mark style=\"background-color:rgba(0, 0, 0, 0)\" class=\"has-inline-color has-nv-dark-bg-color\">Tarjoamme kokonaisvaltaiset <strong>messuratkaisut<\/strong> yrityksesi tai br\u00e4ndisi tarpeisiin, aina suunnittelusta toteutukseen ja osaaviin ty\u00f6ntekij\u00f6ihin saakka.<\/mark> Toimimme <strong>br\u00e4ndil\u00e4hettil\u00e4in\u00e4, <\/strong>huolehtien tuotteiden esillepanosta ja asiakassuhteista. Suunnittelemme ja toteutamme <strong>kampanjamateriaaleja,<\/strong> kuten <strong>promootiopisteit\u00e4<\/strong> ja <strong>myym\u00e4l\u00e4rakennelmia.<\/strong> Lis\u00e4ksi tarjoamme <strong>Junior Sales -palvelua<\/strong> myynnin tukemiseen sek\u00e4 <strong>Mystery Shopping -ratkaisuja<\/strong> asiakaskokemuksen ja palvelun laadun kartoittamiseen. Kaikki palvelumme perustuvat tarkkaan <strong>raportointiin,<\/strong> jotta asiakkaamme saavat arvokasta tietoa p\u00e4\u00e4t\u00f6ksentekonsa tueksi.<\/p>\n\n\n\n<div style=\"height:60px\" aria-hidden=\"true\" class=\"wp-block-spacer\"><\/div>\n\n\n\n<div class=\"wp-block-columns is-layout-flex wp-container-core-columns-is-layout-9d6595d7 wp-block-columns-is-layout-flex\">\n<div class=\"wp-block-column is-layout-flow wp-block-column-is-layout-flow\">\n<figure class=\"wp-block-image size-full\"><a href=\"https:\/\/protrail.fi\/?page_id=73\"><img loading=\"lazy\" decoding=\"async\" width=\"624\" height=\"820\" src=\"https:\/\/protrail.fi\/wp-content\/uploads\/2025\/07\/Kuva1.jpg\" alt=\"\" class=\"wp-image-559\" srcset=\"https:\/\/protrail.fi\/wp-content\/uploads\/2025\/07\/Kuva1.jpg 624w, https:\/\/protrail.fi\/wp-content\/uploads\/2025\/07\/Kuva1-228x300.jpg 228w\" sizes=\"auto, (max-width: 624px) 100vw, 624px\" \/><\/a><\/figure>\n\n\n\n<p><\/p>\n\n\n\n<h3 class=\"wp-block-heading\">Promootiot<\/h3>\n\n\n\n<p>Toteutamme myyntipromootiot kokonaisvaltaisesti, tuotemaistatuksista ja esittelyist\u00e4 aina myym\u00e4l\u00e4yhteisty\u00f6h\u00f6n ja raportointiin. Ammattitaitoiset promootiotekij\u00e4mme esittelev\u00e4t tuotteesi houkuttelevasti, aktivoivat asiakkaita ja vaikuttavat ostop\u00e4\u00e4t\u00f6ksiin oikealla hetkell\u00e4. Hyvin toteutettu promootio lis\u00e4\u00e4 kysynt\u00e4\u00e4, parantaa asiakaskokemusta ja tuo mitattavia tuloksia myynninedist\u00e4miseen.<\/p>\n\n\n\n<div class=\"wp-block-buttons is-layout-flex wp-block-buttons-is-layout-flex\">\n<div class=\"wp-block-button is-style-primary\"><a class=\"wp-block-button__link wp-element-button\" href=\"https:\/\/protrail.fi\/?page_id=73\">Lue lis\u00e4\u00e4!<\/a><\/div>\n<\/div>\n\n\n\n<div style=\"height:30px\" aria-hidden=\"true\" class=\"wp-block-spacer\"><\/div>\n<\/div>\n\n\n\n<div class=\"wp-block-column is-layout-flow wp-block-column-is-layout-flow\">\n<figure class=\"wp-block-image size-full\"><a href=\"https:\/\/protrail.fi\/?page_id=66\"><img loading=\"lazy\" decoding=\"async\" width=\"566\" height=\"742\" src=\"https:\/\/protrail.fi\/wp-content\/uploads\/2025\/08\/Etusivu.png\" alt=\"Protrail tapahtumat, promootiot ja br\u00e4ndin n\u00e4kyvyys\" class=\"wp-image-605\" srcset=\"https:\/\/protrail.fi\/wp-content\/uploads\/2025\/08\/Etusivu.png 566w, https:\/\/protrail.fi\/wp-content\/uploads\/2025\/08\/Etusivu-229x300.png 229w\" sizes=\"auto, (max-width: 566px) 100vw, 566px\" \/><\/a><\/figure>\n\n\n\n<p><\/p>\n\n\n\n<h3 class=\"wp-block-heading\">Tapahtumat<\/h3>\n\n\n\n<p>Luomme yrityksellesi vaikuttavia tapahtumia ymp\u00e4ri vuoden. Ne ovat merkityksellisi\u00e4 ja kustannustehokkaita kohtaamisia br\u00e4ndisi ymp\u00e4rill\u00e4. Ne tavoittavat asiakkaasi juuri oikealla hetkell\u00e4. Suunnittelemme ja toteutamme r\u00e4\u00e4t\u00e4l\u00f6ityj\u00e4 yritys- ja teematapahtumia avaimet k\u00e4teen -periaatteella. Toteutamme kaiken n\u00e4ytt\u00e4vist\u00e4 VIP-rekoista henkil\u00f6st\u00f6n virkistysp\u00e4iviin, aina laadukkaasti ja tehokkaasti.<\/p>\n\n\n\n<div class=\"wp-block-buttons is-layout-flex wp-block-buttons-is-layout-flex\">\n<div class=\"wp-block-button is-style-primary\"><a class=\"wp-block-button__link wp-element-button\" href=\"https:\/\/protrail.fi\/?page_id=66\">Lue lis\u00e4\u00e4!<\/a><\/div>\n<\/div>\n\n\n\n<div style=\"height:30px\" aria-hidden=\"true\" class=\"wp-block-spacer\"><\/div>\n<\/div>\n\n\n\n<div class=\"wp-block-column is-layout-flow wp-block-column-is-layout-flow\">\n<figure class=\"wp-block-image size-full\"><a href=\"https:\/\/protrail.fi\/?page_id=151\"><img loading=\"lazy\" decoding=\"async\" width=\"566\" height=\"742\" src=\"https:\/\/protrail.fi\/wp-content\/uploads\/2025\/08\/Felix_etusivu.png\" alt=\"Felis, myym\u00e4l\u00e4promootio, promootio ty\u00f6ntekij\u00e4, myym\u00e4l\u00e4somistus, maistatus\" class=\"wp-image-618\" srcset=\"https:\/\/protrail.fi\/wp-content\/uploads\/2025\/08\/Felix_etusivu.png 566w, https:\/\/protrail.fi\/wp-content\/uploads\/2025\/08\/Felix_etusivu-229x300.png 229w\" sizes=\"auto, (max-width: 566px) 100vw, 566px\" \/><\/a><\/figure>\n\n\n\n<p><\/p>\n\n\n\n<h3 class=\"wp-block-heading\">Messut<\/h3>\n\n\n\n<p>Haluatko onnistuneen messukokemuksen yrityksellesi tai br\u00e4ndillesi ilman stressi\u00e4? Me tarjoamme kokonaisvaltaiset messuratkaisut yrityksesi tai br\u00e4ndisi tarpeisiin, aina suunnittelusta toteutukseen ja osaaviin ty\u00f6ntekij\u00f6ihin saakka.&nbsp;Hyvin toteutettu messuosasto, energiset ty\u00f6ntekij\u00e4t ja aktiviteetit sek\u00e4 maistatukset osastolla j\u00e4\u00e4v\u00e4t asiakkaidesi mieleen. Saat koko messupaketin kauttamme avaimet k\u00e4teen -periaatteella!<\/p>\n\n\n\n<p><\/p>\n\n\n\n<div class=\"wp-block-buttons is-layout-flex wp-block-buttons-is-layout-flex\">\n<div class=\"wp-block-button is-style-primary\"><a class=\"wp-block-button__link wp-element-button\" href=\"https:\/\/protrail.fi\/?page_id=151\">Lue lis\u00e4\u00e4!<\/a><\/div>\n<\/div>\n\n\n\n<div style=\"height:30px\" aria-hidden=\"true\" class=\"wp-block-spacer\"><\/div>\n<\/div>\n<\/div>\n\n\n\n<div class=\"wp-block-cover alignfull is-light has-parallax\" style=\"min-height:554px;aspect-ratio:unset;\"><div class=\"wp-block-cover__image-background wp-image-252 size-full has-parallax\" style=\"background-position:50% 50%;background-image:url(https:\/\/protrail.fi\/wp-content\/uploads\/2025\/02\/shiny-blurry-turquoise-glitter-textured-background-2025-02-09-22-57-38-utc.jpg)\"><\/div><span aria-hidden=\"true\" class=\"wp-block-cover__background has-background-dim-0 has-background-dim\" style=\"background-color:#65d7dd\"><\/span><div class=\"wp-block-cover__inner-container is-layout-flow wp-block-cover-is-layout-flow\">\n<div class=\"wp-block-columns alignwide is-layout-flex wp-container-core-columns-is-layout-9d6595d7 wp-block-columns-is-layout-flex\">\n<div class=\"wp-block-column is-vertically-aligned-center is-layout-flow wp-block-column-is-layout-flow\" style=\"flex-basis:66.66%\">\n<h1 class=\"wp-block-heading has-text-align-left has-neve-text-color-color has-text-color\"><mark style=\"background-color:rgba(0, 0, 0, 0)\" class=\"has-inline-color has-nv-site-bg-color\">Ota yhteytt\u00e4 ja suunnitellaan yhdess\u00e4 n\u00e4kyvyytt\u00e4 br\u00e4ndillesi!<\/mark><\/h1>\n\n\n\n<p class=\"has-text-align-left has-neve-text-color-color has-text-color\"><\/p>\n\n\n\n<div class=\"wp-block-buttons is-horizontal is-content-justification-left is-layout-flex wp-container-core-buttons-is-layout-7e5fce0a wp-block-buttons-is-layout-flex\">\n<div class=\"wp-block-button is-style-primary\"><a class=\"wp-block-button__link wp-element-button\" href=\"https:\/\/protrail.fi\/?page_id=59\">Tutustu palveluihimme!<\/a><\/div>\n<\/div>\n<\/div>\n\n\n\n<div class=\"wp-block-column is-layout-flow wp-block-column-is-layout-flow\" style=\"flex-basis:33.33%\"><\/div>\n<\/div>\n<\/div><\/div>\n\n\n\n<div style=\"height:79px\" aria-hidden=\"true\" class=\"wp-block-spacer\"><\/div>\n\n\n\n<p class=\"has-text-align-center\">Ota rohkeasti yhteytt\u00e4 meihin \u2013 olemme t\u00e4\u00e4ll\u00e4 auttaaksemme sinua kaikessa myynninedist\u00e4miseen, promootioihin ja tapahtumien j\u00e4rjest\u00e4miseen liittyviss\u00e4 asioissa!<\/p>\n\n\n\n<div class=\"wp-block-columns is-layout-flex wp-container-core-columns-is-layout-9d6595d7 wp-block-columns-is-layout-flex\">\n<div class=\"wp-block-column is-layout-flow wp-block-column-is-layout-flow\"><div class=\"wp-block-image is-style-default\">\n<figure class=\"aligncenter size-full\"><img loading=\"lazy\" decoding=\"async\" width=\"283\" height=\"349\" src=\"https:\/\/protrail.fi\/wp-content\/uploads\/2025\/02\/Jenni.jpg\" alt=\"\" class=\"wp-image-229\" srcset=\"https:\/\/protrail.fi\/wp-content\/uploads\/2025\/02\/Jenni.jpg 283w, https:\/\/protrail.fi\/wp-content\/uploads\/2025\/02\/Jenni-243x300.jpg 243w\" sizes=\"auto, (max-width: 283px) 100vw, 283px\" \/><\/figure>\n<\/div>\n\n\n<h5 class=\"wp-block-heading has-text-align-center\"><strong>Jenni Aarniola-Lahtinen<\/strong><\/h5>\n\n\n\n<p class=\"has-text-align-center\"><a href=\"mailto:jenni@protrail.fi\">jenni@protrail.fi<\/a><\/p>\n\n\n\n<p class=\"has-text-align-center\">Puh +358 40 706 9032<\/p>\n\n\n\n<div style=\"height:30px\" aria-hidden=\"true\" class=\"wp-block-spacer\"><\/div>\n<\/div>\n\n\n\n<div class=\"wp-block-column is-layout-flow wp-block-column-is-layout-flow\"><div class=\"wp-block-image is-style-default\">\n<figure class=\"aligncenter size-full\"><img loading=\"lazy\" decoding=\"async\" width=\"283\" height=\"349\" src=\"https:\/\/protrail.fi\/wp-content\/uploads\/2025\/02\/Mika.jpg\" alt=\"\" class=\"wp-image-230\" srcset=\"https:\/\/protrail.fi\/wp-content\/uploads\/2025\/02\/Mika.jpg 283w, https:\/\/protrail.fi\/wp-content\/uploads\/2025\/02\/Mika-243x300.jpg 243w\" sizes=\"auto, (max-width: 283px) 100vw, 283px\" \/><\/figure>\n<\/div>\n\n\n<h5 class=\"wp-block-heading has-text-align-center\">Mika Heikkil\u00e4<\/h5>\n\n\n\n<p class=\"has-text-align-center\"><a href=\"mailto:mika@protrail.fi\">mika@protrail.fi<\/a><\/p>\n\n\n\n<p class=\"has-text-align-center\">Puh. +358 40 749 1225<\/p>\n\n\n\n<div style=\"height:30px\" aria-hidden=\"true\" class=\"wp-block-spacer\"><\/div>\n<\/div>\n<\/div>\n\n\n\n<p><\/p>\n","protected":false},"excerpt":{"rendered":"<p>Protrail Oy Autamme asiakkaitamme kasvattamaan myynti\u00e4 sek\u00e4 vahvistamaan br\u00e4ndej\u00e4 monipuolisilla keinoilla. Tarjoamme myyntipromootioita, joissa lis\u00e4\u00e4mme tuotteiden n\u00e4kyvyytt\u00e4 ja houkuttelevuutta myym\u00e4l\u00f6iss\u00e4 tai muussa asiakkaan lokaatiossa. Tarjoamme kokonaisvaltaiset messuratkaisut yrityksesi tai br\u00e4ndisi tarpeisiin, aina suunnittelusta toteutukseen ja osaaviin ty\u00f6ntekij\u00f6ihin saakka. Toimimme br\u00e4ndil\u00e4hettil\u00e4in\u00e4, huolehtien tuotteiden esillepanosta ja asiakassuhteista. Suunnittelemme ja toteutamme kampanjamateriaaleja, kuten promootiopisteit\u00e4 ja myym\u00e4l\u00e4rakennelmia. Lis\u00e4ksi tarjoamme&hellip;&nbsp;<a href=\"https:\/\/protrail.fi\/\" rel=\"bookmark\">Read More &raquo;<span class=\"screen-reader-text\">Etusivu<\/span><\/a><\/p>\n","protected":false},"author":1,"featured_media":0,"parent":0,"menu_order":0,"comment_status":"closed","ping_status":"closed","template":"","meta":{"neve_meta_sidebar":"","neve_meta_container":"","neve_meta_enable_content_width":"","neve_meta_content_width":0,"neve_meta_title_alignment":"","neve_meta_author_avatar":"","neve_post_elements_order":"","neve_meta_disable_header":"","neve_meta_disable_footer":"","neve_meta_disable_title":"","neve_meta_reading_time":"","footnotes":""},"class_list":["post-24","page","type-page","status-publish","hentry"],"_links":{"self":[{"href":"https:\/\/protrail.fi\/index.php?rest_route=\/wp\/v2\/pages\/24","targetHints":{"allow":["GET"]}}],"collection":[{"href":"https:\/\/protrail.fi\/index.php?rest_route=\/wp\/v2\/pages"}],"about":[{"href":"https:\/\/protrail.fi\/index.php?rest_route=\/wp\/v2\/types\/page"}],"author":[{"embeddable":true,"href":"https:\/\/protrail.fi\/index.php?rest_route=\/wp\/v2\/users\/1"}],"replies":[{"embeddable":true,"href":"https:\/\/protrail.fi\/index.php?rest_route=%2Fwp%2Fv2%2Fcomments&post=24"}],"version-history":[{"count":104,"href":"https:\/\/protrail.fi\/index.php?rest_route=\/wp\/v2\/pages\/24\/revisions"}],"predecessor-version":[{"id":648,"href":"https:\/\/protrail.fi\/index.php?rest_route=\/wp\/v2\/pages\/24\/revisions\/648"}],"wp:attachment":[{"href":"https:\/\/protrail.fi\/index.php?rest_route=%2Fwp%2Fv2%2Fmedia&parent=24"}],"curies":[{"name":"wp","href":"https:\/\/api.w.org\/{rel}","templated":true}]}}