{"id":59,"date":"2025-02-03T18:49:12","date_gmt":"2025-02-03T18:49:12","guid":{"rendered":"https:\/\/protrail.fi\/?page_id=59"},"modified":"2025-08-27T07:15:30","modified_gmt":"2025-08-27T07:15:30","slug":"myynnin-edistaminen","status":"publish","type":"page","link":"https:\/\/protrail.fi\/?page_id=59","title":{"rendered":"Myynnin edist\u00e4minen"},"content":{"rendered":"\n<div class=\"wp-block-cover alignfull is-light\" style=\"min-height:596px;aspect-ratio:unset;\"><img loading=\"lazy\" decoding=\"async\" width=\"1024\" height=\"768\" class=\"wp-block-cover__image-background wp-image-367\" alt=\"\" src=\"https:\/\/protrail.fi\/wp-content\/uploads\/2025\/04\/IMG-20230425-WA0014.jpg\" style=\"object-position:21% 48%\" data-object-fit=\"cover\" data-object-position=\"21% 48%\" srcset=\"https:\/\/protrail.fi\/wp-content\/uploads\/2025\/04\/IMG-20230425-WA0014.jpg 1024w, https:\/\/protrail.fi\/wp-content\/uploads\/2025\/04\/IMG-20230425-WA0014-300x225.jpg 300w, https:\/\/protrail.fi\/wp-content\/uploads\/2025\/04\/IMG-20230425-WA0014-768x576.jpg 768w\" sizes=\"auto, (max-width: 1024px) 100vw, 1024px\" \/><span aria-hidden=\"true\" class=\"wp-block-cover__background has-background-dim-30 has-background-dim\" style=\"background-color:#8f5769\"><\/span><div class=\"wp-block-cover__inner-container is-layout-flow wp-block-cover-is-layout-flow\">\n<p><\/p>\n\n\n\n<h1 class=\"wp-block-heading has-text-align-center has-white-color has-text-color\"><strong>Tehokasta myynninedist\u00e4mist\u00e4 ja vaikuttavaa br\u00e4ndin\u00e4kyvyytt\u00e4<\/strong><\/h1>\n\n\n\n<p class=\"has-text-align-center has-white-color has-text-color\" style=\"font-size:23px\"><\/p>\n\n\n\n<div style=\"height:40px\" aria-hidden=\"true\" class=\"wp-block-spacer\"><\/div>\n\n\n\n<div class=\"wp-block-group\"><div class=\"wp-block-group__inner-container is-layout-flow wp-block-group-is-layout-flow\">\n<div class=\"wp-block-buttons is-content-justification-center is-layout-flex wp-container-core-buttons-is-layout-16018d1d wp-block-buttons-is-layout-flex\"><\/div>\n<\/div><\/div>\n<\/div><\/div>\n\n\n\n<div style=\"height:47px\" aria-hidden=\"true\" class=\"wp-block-spacer\"><\/div>\n\n\n\n<div class=\"wp-block-columns is-layout-flex wp-container-core-columns-is-layout-9d6595d7 wp-block-columns-is-layout-flex\">\n<div class=\"wp-block-column is-layout-flow wp-block-column-is-layout-flow\">\n<figure class=\"wp-block-image size-full\"><img loading=\"lazy\" decoding=\"async\" width=\"724\" height=\"868\" src=\"https:\/\/protrail.fi\/wp-content\/uploads\/2025\/04\/Jatskit-1.jpg\" alt=\"\" class=\"wp-image-361\" srcset=\"https:\/\/protrail.fi\/wp-content\/uploads\/2025\/04\/Jatskit-1.jpg 724w, https:\/\/protrail.fi\/wp-content\/uploads\/2025\/04\/Jatskit-1-250x300.jpg 250w\" sizes=\"auto, (max-width: 724px) 100vw, 724px\" \/><\/figure>\n<\/div>\n\n\n\n<div class=\"wp-block-column is-vertically-aligned-center is-layout-flow wp-block-column-is-layout-flow\">\n<h2 class=\"wp-block-heading\"><strong>Tehokasta myynninedist\u00e4mist\u00e4 ja vaikuttavaa br\u00e4ndin\u00e4kyvyytt\u00e4<\/strong><\/h2>\n\n\n\n<p>Tarjoamme kokonaisvaltaisia ratkaisuja myynninedist\u00e4miseen, br\u00e4ndin vahvistamiseen ja asiakaskokemuksen parantamiseen. Myyntipromootiot, menekinedist\u00e4minen, br\u00e4ndil\u00e4hettil\u00e4spalvelut sek\u00e4 r\u00e4\u00e4t\u00e4l\u00f6idyt myym\u00e4l\u00e4materiaalit auttavat lis\u00e4\u00e4m\u00e4\u00e4n n\u00e4kyvyytt\u00e4 ja maksimoimaan myyntitulokset. Lis\u00e4ksi Junior Sales ja Mystery Shopping -palvelumme tarjoavat arvokasta tukea myynnille ja asiakasymm\u00e4rrykselle.<\/p>\n\n\n\n<div class=\"wp-block-buttons is-layout-flex wp-block-buttons-is-layout-flex\">\n<div class=\"wp-block-button is-style-primary\"><a class=\"wp-block-button__link wp-element-button\" href=\"https:\/\/protrail.fi\/?page_id=84\">Kysy lis\u00e4\u00e4!<\/a><\/div>\n<\/div>\n<\/div>\n<\/div>\n\n\n\n<div style=\"height:94px\" aria-hidden=\"true\" class=\"wp-block-spacer\"><\/div>\n\n\n\n<div class=\"wp-block-columns is-layout-flex wp-container-core-columns-is-layout-9d6595d7 wp-block-columns-is-layout-flex\">\n<div class=\"wp-block-column is-layout-flow wp-block-column-is-layout-flow\">\n<figure class=\"wp-block-image size-full\"><img loading=\"lazy\" decoding=\"async\" width=\"582\" height=\"774\" src=\"https:\/\/protrail.fi\/wp-content\/uploads\/2025\/07\/PAnda-1.jpg\" alt=\"\" class=\"wp-image-570\" srcset=\"https:\/\/protrail.fi\/wp-content\/uploads\/2025\/07\/PAnda-1.jpg 582w, https:\/\/protrail.fi\/wp-content\/uploads\/2025\/07\/PAnda-1-226x300.jpg 226w\" sizes=\"auto, (max-width: 582px) 100vw, 582px\" \/><\/figure>\n\n\n\n<p><\/p>\n\n\n\n<h3 class=\"wp-block-heading\">Myyntipromootiot ovat suora tie parempaan myyntiin<\/h3>\n\n\n\n<p>Myyntipromootiot tuovat tuotteesi suoraan asiakkaiden ulottuville, lis\u00e4ten tunnettuutta ja kasvattamalla myynti\u00e4. Toteutamme myym\u00e4l\u00e4kampanjat ja teemap\u00e4iv\u00e4t, joissa hy\u00f6dynnet\u00e4\u00e4n maistatuksia ja esittelyit\u00e4 ostop\u00e4\u00e4t\u00f6ksen tukemiseksi. Hoidamme koko prosessin myym\u00e4l\u00e4yhteisty\u00f6st\u00e4 raportointiin sek\u00e4 tarjoamme promootiopisteiden materiaalit, kuten asusteet ja POS-materiaalit. Ota yhteytt\u00e4 ja suunnitellaan myyv\u00e4 promootio juuri sinun br\u00e4ndillesi! <\/p>\n\n\n\n<div class=\"wp-block-buttons is-layout-flex wp-block-buttons-is-layout-flex\"><\/div>\n\n\n\n<div style=\"height:30px\" aria-hidden=\"true\" class=\"wp-block-spacer\"><\/div>\n<\/div>\n\n\n\n<div class=\"wp-block-column is-layout-flow wp-block-column-is-layout-flow\">\n<figure class=\"wp-block-gallery has-nested-images columns-default is-cropped wp-block-gallery-1 is-layout-flex wp-block-gallery-is-layout-flex\">\n<figure class=\"wp-block-image size-full is-resized\"><img loading=\"lazy\" decoding=\"async\" width=\"405\" height=\"540\" data-id=\"531\" src=\"https:\/\/protrail.fi\/wp-content\/uploads\/2025\/06\/Hernis_2.jpg\" alt=\"Promootio ty\u00f6ntekij\u00e4t\" class=\"wp-image-531\" style=\"width:366px;height:auto\" srcset=\"https:\/\/protrail.fi\/wp-content\/uploads\/2025\/06\/Hernis_2.jpg 405w, https:\/\/protrail.fi\/wp-content\/uploads\/2025\/06\/Hernis_2-225x300.jpg 225w\" sizes=\"auto, (max-width: 405px) 100vw, 405px\" \/><\/figure>\n<\/figure>\n\n\n\n<p><\/p>\n\n\n\n<h3 class=\"wp-block-heading\">Menekinedist\u00e4minen ja br\u00e4ndil\u00e4hettil\u00e4\u00e4t \u2013 jatkuvaa n\u00e4kyvyytt\u00e4<\/h3>\n\n\n\n<p>Huolehdimme siit\u00e4, ett\u00e4 tuotteesi l\u00f6ytyv\u00e4t myym\u00e4l\u00f6ist\u00e4 ja erottuvat edukseen. Br\u00e4ndil\u00e4hettil\u00e4\u00e4mme toimivat asiantuntevina edustajina, vahvistaen asiakassuhteita. Suunnittelemme ja toteutamme my\u00f6s n\u00e4ytt\u00e4vi\u00e4 kampanjarakennelmia, jotka her\u00e4tt\u00e4v\u00e4t huomiota ja tukevat myynti\u00e4. Kaikki k\u00e4yntimme ja toimenpiteemme dokumentoidaan tarkasti, tarjoten asiakkaillemme arvokasta dataa liiketoiminnan tueksi.<\/p>\n\n\n\n<div class=\"wp-block-buttons is-layout-flex wp-block-buttons-is-layout-flex\"><\/div>\n<\/div>\n\n\n\n<div class=\"wp-block-column is-layout-flow wp-block-column-is-layout-flow\">\n<figure class=\"wp-block-image size-full\"><img loading=\"lazy\" decoding=\"async\" width=\"582\" height=\"774\" src=\"https:\/\/protrail.fi\/wp-content\/uploads\/2025\/07\/Myynti.jpg\" alt=\"\" class=\"wp-image-571\" srcset=\"https:\/\/protrail.fi\/wp-content\/uploads\/2025\/07\/Myynti.jpg 582w, https:\/\/protrail.fi\/wp-content\/uploads\/2025\/07\/Myynti-226x300.jpg 226w\" sizes=\"auto, (max-width: 582px) 100vw, 582px\" \/><\/figure>\n\n\n\n<p><\/p>\n\n\n\n<h3 class=\"wp-block-heading\">Myynti\u00e4 tukeva osaaminen ja loistavat asiakaskokemukset<\/h3>\n\n\n\n<p>Junior Sales -palvelumme toimii myynnin tukena, levitt\u00e4en tuotetietoutta ja ohjaten ostajia oikeisiin valintoihin. Mystery Shopping -palvelumme puolestaan auttaa ymm\u00e4rt\u00e4m\u00e4\u00e4n asiakaskokemusta ja myym\u00e4l\u00e4palvelun laatua. Toteutamme arvioinnit kattavasti eri kanavissa, paikan p\u00e4\u00e4ll\u00e4, puhelimitse ja verkossa, varmistaaksemme, ett\u00e4 br\u00e4ndisi tarjoaa parhaan asiakaskokemuksen. Toimitamme raportit sinulle helposti ymm\u00e4rrett\u00e4v\u00e4ss\u00e4 muodossa.<\/p>\n\n\n\n<div class=\"wp-block-buttons is-layout-flex wp-block-buttons-is-layout-flex\"><\/div>\n\n\n\n<div style=\"height:30px\" aria-hidden=\"true\" class=\"wp-block-spacer\"><\/div>\n<\/div>\n<\/div>\n\n\n\n<div style=\"height:45px\" aria-hidden=\"true\" class=\"wp-block-spacer\"><\/div>\n\n\n\n<div class=\"wp-block-cover alignfull is-light\" style=\"min-height:500px;aspect-ratio:unset;\"><img loading=\"lazy\" decoding=\"async\" width=\"1476\" height=\"984\" class=\"wp-block-cover__image-background wp-image-266 size-full\" alt=\"\" src=\"https:\/\/protrail.fi\/wp-content\/uploads\/2025\/02\/shiny-blurry-turquoise-glitter-textured-background-2025-02-09-22-57-38-utc-4.jpg\" data-object-fit=\"cover\" srcset=\"https:\/\/protrail.fi\/wp-content\/uploads\/2025\/02\/shiny-blurry-turquoise-glitter-textured-background-2025-02-09-22-57-38-utc-4.jpg 1476w, https:\/\/protrail.fi\/wp-content\/uploads\/2025\/02\/shiny-blurry-turquoise-glitter-textured-background-2025-02-09-22-57-38-utc-4-300x200.jpg 300w, https:\/\/protrail.fi\/wp-content\/uploads\/2025\/02\/shiny-blurry-turquoise-glitter-textured-background-2025-02-09-22-57-38-utc-4-1024x683.jpg 1024w, https:\/\/protrail.fi\/wp-content\/uploads\/2025\/02\/shiny-blurry-turquoise-glitter-textured-background-2025-02-09-22-57-38-utc-4-768x512.jpg 768w, https:\/\/protrail.fi\/wp-content\/uploads\/2025\/02\/shiny-blurry-turquoise-glitter-textured-background-2025-02-09-22-57-38-utc-4-930x620.jpg 930w\" sizes=\"auto, (max-width: 1476px) 100vw, 1476px\" \/><span aria-hidden=\"true\" class=\"wp-block-cover__background has-background-dim-0 has-background-dim\" style=\"background-color:#65d7dd\"><\/span><div class=\"wp-block-cover__inner-container is-layout-flow wp-block-cover-is-layout-flow\">\n<div class=\"wp-block-columns alignwide is-layout-flex wp-container-core-columns-is-layout-9d6595d7 wp-block-columns-is-layout-flex\">\n<div class=\"wp-block-column is-vertically-aligned-center is-layout-flow wp-block-column-is-layout-flow\" style=\"flex-basis:66.66%\">\n<h1 class=\"wp-block-heading has-text-align-left has-neve-text-color-color has-text-color\"><mark style=\"background-color:rgba(0, 0, 0, 0)\" class=\"has-inline-color has-nv-site-bg-color\">Ota yhteytt\u00e4 ja suunnitellaan yhdess\u00e4 n\u00e4kyvyytt\u00e4 br\u00e4ndillesi!<\/mark><\/h1>\n\n\n\n<p class=\"has-text-align-left has-neve-text-color-color has-text-color\"><\/p>\n\n\n\n<div class=\"wp-block-buttons is-horizontal is-content-justification-left is-layout-flex wp-container-core-buttons-is-layout-7e5fce0a wp-block-buttons-is-layout-flex\">\n<div class=\"wp-block-button is-style-primary\"><a class=\"wp-block-button__link wp-element-button\" href=\"https:\/\/protrail.fi\/?page_id=84\">Ota yhteytt\u00e4!<\/a><\/div>\n<\/div>\n<\/div>\n\n\n\n<div class=\"wp-block-column is-layout-flow wp-block-column-is-layout-flow\" style=\"flex-basis:33.33%\"><\/div>\n<\/div>\n<\/div><\/div>\n\n\n\n<div style=\"height:100px\" aria-hidden=\"true\" class=\"wp-block-spacer\"><\/div>\n\n\n\n<p><\/p>\n","protected":false},"excerpt":{"rendered":"<p>Tehokasta myynninedist\u00e4mist\u00e4 ja vaikuttavaa br\u00e4ndin\u00e4kyvyytt\u00e4 Tarjoamme kokonaisvaltaisia ratkaisuja myynninedist\u00e4miseen, br\u00e4ndin vahvistamiseen ja asiakaskokemuksen parantamiseen. Myyntipromootiot, menekinedist\u00e4minen, br\u00e4ndil\u00e4hettil\u00e4spalvelut sek\u00e4 r\u00e4\u00e4t\u00e4l\u00f6idyt myym\u00e4l\u00e4materiaalit auttavat lis\u00e4\u00e4m\u00e4\u00e4n n\u00e4kyvyytt\u00e4 ja maksimoimaan myyntitulokset. Lis\u00e4ksi Junior Sales ja Mystery Shopping -palvelumme tarjoavat arvokasta tukea myynnille ja asiakasymm\u00e4rrykselle. Myyntipromootiot ovat suora tie parempaan myyntiin Myyntipromootiot tuovat tuotteesi suoraan asiakkaiden ulottuville, lis\u00e4ten tunnettuutta ja kasvattamalla&hellip;&nbsp;<a href=\"https:\/\/protrail.fi\/?page_id=59\" rel=\"bookmark\">Read More &raquo;<span class=\"screen-reader-text\">Myynnin edist\u00e4minen<\/span><\/a><\/p>\n","protected":false},"author":1,"featured_media":0,"parent":0,"menu_order":0,"comment_status":"closed","ping_status":"closed","template":"","meta":{"neve_meta_sidebar":"","neve_meta_container":"","neve_meta_enable_content_width":"","neve_meta_content_width":0,"neve_meta_title_alignment":"","neve_meta_author_avatar":"","neve_post_elements_order":"","neve_meta_disable_header":"","neve_meta_disable_footer":"","neve_meta_disable_title":"","neve_meta_reading_time":"","footnotes":""},"class_list":["post-59","page","type-page","status-publish","hentry"],"_links":{"self":[{"href":"https:\/\/protrail.fi\/index.php?rest_route=\/wp\/v2\/pages\/59","targetHints":{"allow":["GET"]}}],"collection":[{"href":"https:\/\/protrail.fi\/index.php?rest_route=\/wp\/v2\/pages"}],"about":[{"href":"https:\/\/protrail.fi\/index.php?rest_route=\/wp\/v2\/types\/page"}],"author":[{"embeddable":true,"href":"https:\/\/protrail.fi\/index.php?rest_route=\/wp\/v2\/users\/1"}],"replies":[{"embeddable":true,"href":"https:\/\/protrail.fi\/index.php?rest_route=%2Fwp%2Fv2%2Fcomments&post=59"}],"version-history":[{"count":39,"href":"https:\/\/protrail.fi\/index.php?rest_route=\/wp\/v2\/pages\/59\/revisions"}],"predecessor-version":[{"id":597,"href":"https:\/\/protrail.fi\/index.php?rest_route=\/wp\/v2\/pages\/59\/revisions\/597"}],"wp:attachment":[{"href":"https:\/\/protrail.fi\/index.php?rest_route=%2Fwp%2Fv2%2Fmedia&parent=59"}],"curies":[{"name":"wp","href":"https:\/\/api.w.org\/{rel}","templated":true}]}}