{"id":66,"date":"2025-02-03T18:51:06","date_gmt":"2025-02-03T18:51:06","guid":{"rendered":"https:\/\/protrail.fi\/?page_id=66"},"modified":"2025-09-11T06:41:40","modified_gmt":"2025-09-11T06:41:40","slug":"tapahtumat","status":"publish","type":"page","link":"https:\/\/protrail.fi\/?page_id=66","title":{"rendered":"Tapahtumat"},"content":{"rendered":"\n<div class=\"wp-block-cover alignfull is-light\" style=\"min-height:634px;aspect-ratio:unset;\"><img loading=\"lazy\" decoding=\"async\" width=\"1024\" height=\"576\" class=\"wp-block-cover__image-background wp-image-493 size-large\" alt=\"\" src=\"https:\/\/protrail.fi\/wp-content\/uploads\/2025\/06\/Bemari_tapahtumat-1024x576.jpg\" style=\"object-position:49% 100%\" data-object-fit=\"cover\" data-object-position=\"49% 100%\" srcset=\"https:\/\/protrail.fi\/wp-content\/uploads\/2025\/06\/Bemari_tapahtumat-1024x576.jpg 1024w, https:\/\/protrail.fi\/wp-content\/uploads\/2025\/06\/Bemari_tapahtumat-300x169.jpg 300w, https:\/\/protrail.fi\/wp-content\/uploads\/2025\/06\/Bemari_tapahtumat-768x432.jpg 768w, https:\/\/protrail.fi\/wp-content\/uploads\/2025\/06\/Bemari_tapahtumat.jpg 1333w\" sizes=\"auto, (max-width: 1024px) 100vw, 1024px\" \/><span aria-hidden=\"true\" class=\"wp-block-cover__background has-background-dim-0 has-background-dim\" style=\"background-color:#708aa8\"><\/span><div class=\"wp-block-cover__inner-container is-layout-flow wp-block-cover-is-layout-flow\">\n<p><\/p>\n\n\n\n<p><\/p>\n\n\n\n<h1 class=\"wp-block-heading has-text-align-center has-white-color has-text-color\">Vaikuttavia tapahtumia<\/h1>\n\n\n\n<p class=\"has-text-align-center has-white-color has-text-color\" style=\"font-size:23px\"><\/p>\n\n\n\n<div style=\"height:40px\" aria-hidden=\"true\" class=\"wp-block-spacer\"><\/div>\n\n\n\n<div class=\"wp-block-group\"><div class=\"wp-block-group__inner-container is-layout-flow wp-block-group-is-layout-flow\">\n<div class=\"wp-block-buttons is-content-justification-center is-layout-flex wp-container-core-buttons-is-layout-16018d1d wp-block-buttons-is-layout-flex\"><\/div>\n<\/div><\/div>\n<\/div><\/div>\n\n\n\n<div style=\"height:48px\" aria-hidden=\"true\" class=\"wp-block-spacer\"><\/div>\n\n\n\n<div class=\"wp-block-columns is-layout-flex wp-container-core-columns-is-layout-9d6595d7 wp-block-columns-is-layout-flex\">\n<div class=\"wp-block-column is-layout-flow wp-block-column-is-layout-flow\">\n<figure class=\"wp-block-image size-full\"><img loading=\"lazy\" decoding=\"async\" width=\"724\" height=\"868\" src=\"https:\/\/protrail.fi\/wp-content\/uploads\/2025\/04\/Panda_satama.jpg\" alt=\"\" class=\"wp-image-382\" srcset=\"https:\/\/protrail.fi\/wp-content\/uploads\/2025\/04\/Panda_satama.jpg 724w, https:\/\/protrail.fi\/wp-content\/uploads\/2025\/04\/Panda_satama-250x300.jpg 250w\" sizes=\"auto, (max-width: 724px) 100vw, 724px\" \/><\/figure>\n<\/div>\n\n\n\n<div class=\"wp-block-column is-vertically-aligned-center is-layout-flow wp-block-column-is-layout-flow\">\n<h2 class=\"wp-block-heading\">Vaikuttavia tapahtumia, jotka tuottavat tulosta<\/h2>\n\n\n\n<p>J\u00e4rjest\u00e4mme konseptoituja ja r\u00e4\u00e4t\u00e4l\u00f6ityj\u00e4 tapahtumia, jotka luovat merkityksellisi\u00e4 ja kustannustehokkaita kohtaamisia ymp\u00e4ri vuoden. Tapahtumamme tarjoavat br\u00e4ndillesi vahvaa n\u00e4kyvyytt\u00e4, unohtumattomia el\u00e4myksi\u00e4 ja suoraa kontaktia kohderyhm\u00e4\u00e4si. Toteutamme niin laajamittaisia yleis\u00f6tapahtumia kuin yksil\u00f6llisesti suunniteltuja yritystapahtumia \u2013 aina laadukkaasti ja tavoitteellisesti.<\/p>\n\n\n\n<p>Suunnittelemme ja toteutamme yrityksille ja br\u00e4ndeille r\u00e4\u00e4t\u00e4l\u00f6ityj\u00e4 tapahtumia avaimet k\u00e4teen -periaatteella. Olipa kyseess\u00e4 n\u00e4ytt\u00e4v\u00e4 VIP-rekka, henkil\u00f6st\u00f6n virkistysp\u00e4iv\u00e4 tai muu kohdennettu tapahtuma, hy\u00f6dynn\u00e4mme laajaa kumppaniverkostoamme varmistaaksemme laadukkaan ja kustannustehokkaan toteutuksen.<\/p>\n\n\n\n<div class=\"wp-block-buttons is-layout-flex wp-block-buttons-is-layout-flex\">\n<div class=\"wp-block-button is-style-primary\"><a class=\"wp-block-button__link wp-element-button\" href=\"https:\/\/protrail.fi\/?page_id=84\">Kysy lis\u00e4\u00e4!<\/a><\/div>\n<\/div>\n<\/div>\n<\/div>\n\n\n\n<div style=\"height:42px\" aria-hidden=\"true\" class=\"wp-block-spacer\"><\/div>\n\n\n\n<div class=\"wp-block-columns is-layout-flex wp-container-core-columns-is-layout-9d6595d7 wp-block-columns-is-layout-flex\">\n<div class=\"wp-block-column is-layout-flow wp-block-column-is-layout-flow\">\n<figure class=\"wp-block-image size-full\"><img loading=\"lazy\" decoding=\"async\" width=\"724\" height=\"868\" src=\"https:\/\/protrail.fi\/wp-content\/uploads\/2025\/04\/Jatskit-2.jpg\" alt=\"\" class=\"wp-image-383\" srcset=\"https:\/\/protrail.fi\/wp-content\/uploads\/2025\/04\/Jatskit-2.jpg 724w, https:\/\/protrail.fi\/wp-content\/uploads\/2025\/04\/Jatskit-2-250x300.jpg 250w\" sizes=\"auto, (max-width: 724px) 100vw, 724px\" \/><\/figure>\n\n\n\n<p><\/p>\n\n\n\n<h3 class=\"wp-block-heading has-text-align-center\">Case Naturli<\/h3>\n\n\n\n<hr class=\"wp-block-separator has-text-color has-neve-button-color-color has-css-opacity has-neve-button-color-background-color has-background is-style-default\"\/>\n\n\n\n<p class=\"has-text-align-center\">Toteutimme Naturli-j\u00e4\u00e4tel\u00f6ille n\u00e4ytt\u00e4v\u00e4n promootion\/messutapahtuman. Suunnittelimme br\u00e4ndin ilmett\u00e4 mukailevat POS-materiaalit, pystytimme promootio-\/messualueen kokonaisuudessaan ja huolehdimme ammattitaitoisen henkil\u00f6kunnan rekrytoinnista sek\u00e4 tapahtuman sujuvasta l\u00e4piviennist\u00e4 alusta loppuun. Naturli-j\u00e4\u00e4tel\u00f6 erottui edukseen ja her\u00e4tti huomiota juuri br\u00e4ndin hengen mukaisesti.<\/p>\n<\/div>\n\n\n\n<div class=\"wp-block-column is-layout-flow wp-block-column-is-layout-flow\">\n<figure class=\"wp-block-image size-full\"><img loading=\"lazy\" decoding=\"async\" width=\"724\" height=\"868\" src=\"https:\/\/protrail.fi\/wp-content\/uploads\/2025\/04\/Pulican-rouge-1.jpg\" alt=\"\" class=\"wp-image-385\" srcset=\"https:\/\/protrail.fi\/wp-content\/uploads\/2025\/04\/Pulican-rouge-1.jpg 724w, https:\/\/protrail.fi\/wp-content\/uploads\/2025\/04\/Pulican-rouge-1-250x300.jpg 250w\" sizes=\"auto, (max-width: 724px) 100vw, 724px\" \/><\/figure>\n\n\n\n<p><\/p>\n\n\n\n<h3 class=\"wp-block-heading has-text-align-center\">Case Pelican Rouge<\/h3>\n\n\n\n<hr class=\"wp-block-separator has-text-color has-neve-button-color-color has-css-opacity has-neve-button-color-background-color has-background is-style-default\"\/>\n\n\n\n<p class=\"has-text-align-center\">J\u00e4rjestimme Pelican Rouge Roasterylle festaripromootion, joka toi br\u00e4ndin herkulliset kahvit suoraan kuluttajille. Vastuualueeseemme kuului my\u00f6s ammattitaitoisen henkil\u00f6kunnan rekrytointi ja lis\u00e4ksi huolehdimme koko tapahtuman sujuvasta operoinnista. Pelican Rouge Roasteryn herkulliset kahvit erottuivat edukseen ja her\u00e4ttiv\u00e4t huomiota br\u00e4ndin hengen mukaisesti juuri siell\u00e4 miss\u00e4 kuluttajat liikkuivat.<\/p>\n<\/div>\n<\/div>\n\n\n\n<div style=\"height:57px\" aria-hidden=\"true\" class=\"wp-block-spacer\"><\/div>\n\n\n\n<p><\/p>\n\n\n\n<figure class=\"wp-block-gallery has-nested-images columns-default is-cropped wp-block-gallery-1 is-layout-flex wp-block-gallery-is-layout-flex\">\n<figure class=\"wp-block-image size-large\"><img loading=\"lazy\" decoding=\"async\" width=\"1024\" height=\"548\" data-id=\"496\" src=\"https:\/\/protrail.fi\/wp-content\/uploads\/2025\/06\/Nesterallit-1024x548.jpg\" alt=\"\" class=\"wp-image-496\" srcset=\"https:\/\/protrail.fi\/wp-content\/uploads\/2025\/06\/Nesterallit-1024x548.jpg 1024w, https:\/\/protrail.fi\/wp-content\/uploads\/2025\/06\/Nesterallit-300x160.jpg 300w, https:\/\/protrail.fi\/wp-content\/uploads\/2025\/06\/Nesterallit-768x411.jpg 768w, https:\/\/protrail.fi\/wp-content\/uploads\/2025\/06\/Nesterallit-1536x821.jpg 1536w, https:\/\/protrail.fi\/wp-content\/uploads\/2025\/06\/Nesterallit-2048x1095.jpg 2048w\" sizes=\"auto, (max-width: 1024px) 100vw, 1024px\" \/><\/figure>\n\n\n\n<figure class=\"wp-block-image size-large\"><img loading=\"lazy\" decoding=\"async\" width=\"1024\" height=\"617\" data-id=\"497\" src=\"https:\/\/protrail.fi\/wp-content\/uploads\/2025\/06\/Nesterallit1-1024x617.jpg\" alt=\"\" class=\"wp-image-497\" srcset=\"https:\/\/protrail.fi\/wp-content\/uploads\/2025\/06\/Nesterallit1-1024x617.jpg 1024w, https:\/\/protrail.fi\/wp-content\/uploads\/2025\/06\/Nesterallit1-300x181.jpg 300w, https:\/\/protrail.fi\/wp-content\/uploads\/2025\/06\/Nesterallit1-768x463.jpg 768w, https:\/\/protrail.fi\/wp-content\/uploads\/2025\/06\/Nesterallit1-1536x925.jpg 1536w, https:\/\/protrail.fi\/wp-content\/uploads\/2025\/06\/Nesterallit1-2048x1234.jpg 2048w\" sizes=\"auto, (max-width: 1024px) 100vw, 1024px\" \/><\/figure>\n\n\n\n<figure class=\"wp-block-image size-large\"><img loading=\"lazy\" decoding=\"async\" width=\"908\" height=\"377\" data-id=\"500\" src=\"https:\/\/protrail.fi\/wp-content\/uploads\/2025\/06\/Tapahtuma_4.jpg\" alt=\"\" class=\"wp-image-500\" srcset=\"https:\/\/protrail.fi\/wp-content\/uploads\/2025\/06\/Tapahtuma_4.jpg 908w, https:\/\/protrail.fi\/wp-content\/uploads\/2025\/06\/Tapahtuma_4-300x125.jpg 300w, https:\/\/protrail.fi\/wp-content\/uploads\/2025\/06\/Tapahtuma_4-768x319.jpg 768w\" sizes=\"auto, (max-width: 908px) 100vw, 908px\" \/><\/figure>\n\n\n\n<figure class=\"wp-block-image size-large\"><img loading=\"lazy\" decoding=\"async\" width=\"700\" height=\"458\" data-id=\"499\" src=\"https:\/\/protrail.fi\/wp-content\/uploads\/2025\/06\/Tapahtuma_2.jpg\" alt=\"\" class=\"wp-image-499\" srcset=\"https:\/\/protrail.fi\/wp-content\/uploads\/2025\/06\/Tapahtuma_2.jpg 700w, https:\/\/protrail.fi\/wp-content\/uploads\/2025\/06\/Tapahtuma_2-300x196.jpg 300w\" sizes=\"auto, (max-width: 700px) 100vw, 700px\" \/><\/figure>\n\n\n\n<figure class=\"wp-block-image size-large\"><img loading=\"lazy\" decoding=\"async\" width=\"960\" height=\"446\" data-id=\"501\" src=\"https:\/\/protrail.fi\/wp-content\/uploads\/2025\/06\/Tapahtumat_1.jpg\" alt=\"\" class=\"wp-image-501\" srcset=\"https:\/\/protrail.fi\/wp-content\/uploads\/2025\/06\/Tapahtumat_1.jpg 960w, https:\/\/protrail.fi\/wp-content\/uploads\/2025\/06\/Tapahtumat_1-300x139.jpg 300w, https:\/\/protrail.fi\/wp-content\/uploads\/2025\/06\/Tapahtumat_1-768x357.jpg 768w\" sizes=\"auto, (max-width: 960px) 100vw, 960px\" \/><\/figure>\n\n\n\n<figure class=\"wp-block-image size-large\"><img loading=\"lazy\" decoding=\"async\" width=\"1024\" height=\"576\" data-id=\"502\" src=\"https:\/\/protrail.fi\/wp-content\/uploads\/2025\/06\/Bemari_tapahtumat-1-1024x576.jpg\" alt=\"\" class=\"wp-image-502\" srcset=\"https:\/\/protrail.fi\/wp-content\/uploads\/2025\/06\/Bemari_tapahtumat-1-1024x576.jpg 1024w, https:\/\/protrail.fi\/wp-content\/uploads\/2025\/06\/Bemari_tapahtumat-1-300x169.jpg 300w, https:\/\/protrail.fi\/wp-content\/uploads\/2025\/06\/Bemari_tapahtumat-1-768x432.jpg 768w, https:\/\/protrail.fi\/wp-content\/uploads\/2025\/06\/Bemari_tapahtumat-1.jpg 1333w\" sizes=\"auto, (max-width: 1024px) 100vw, 1024px\" \/><\/figure>\n<\/figure>\n\n\n\n<div style=\"height:100px\" aria-hidden=\"true\" class=\"wp-block-spacer\"><\/div>\n\n\n\n<div class=\"wp-block-cover alignfull\" style=\"min-height:786px;aspect-ratio:unset;\"><img loading=\"lazy\" decoding=\"async\" width=\"2560\" height=\"1369\" class=\"wp-block-cover__image-background wp-image-544 size-full\" alt=\"\" src=\"https:\/\/protrail.fi\/wp-content\/uploads\/2025\/06\/Nesterallit-1-scaled.jpg\" style=\"object-position:54% 34%\" data-object-fit=\"cover\" data-object-position=\"54% 34%\" srcset=\"https:\/\/protrail.fi\/wp-content\/uploads\/2025\/06\/Nesterallit-1-scaled.jpg 2560w, https:\/\/protrail.fi\/wp-content\/uploads\/2025\/06\/Nesterallit-1-300x160.jpg 300w, https:\/\/protrail.fi\/wp-content\/uploads\/2025\/06\/Nesterallit-1-1024x548.jpg 1024w, https:\/\/protrail.fi\/wp-content\/uploads\/2025\/06\/Nesterallit-1-768x411.jpg 768w, https:\/\/protrail.fi\/wp-content\/uploads\/2025\/06\/Nesterallit-1-1536x821.jpg 1536w, https:\/\/protrail.fi\/wp-content\/uploads\/2025\/06\/Nesterallit-1-2048x1095.jpg 2048w\" sizes=\"auto, (max-width: 2560px) 100vw, 2560px\" \/><span aria-hidden=\"true\" class=\"wp-block-cover__background has-background-dim-0 has-background-dim\" style=\"background-color:#7d7a77\"><\/span><div class=\"wp-block-cover__inner-container is-layout-flow wp-block-cover-is-layout-flow\">\n<h1 class=\"wp-block-heading has-text-align-center has-white-color has-text-color\"><\/h1>\n\n\n\n<div style=\"height:40px\" aria-hidden=\"true\" class=\"wp-block-spacer\"><\/div>\n\n\n\n<div class=\"wp-block-group\"><div class=\"wp-block-group__inner-container is-layout-flow wp-block-group-is-layout-flow\">\n<div class=\"wp-block-buttons is-content-justification-center is-layout-flex wp-container-core-buttons-is-layout-16018d1d wp-block-buttons-is-layout-flex\">\n<div class=\"wp-block-button is-style-primary\"><a class=\"wp-block-button__link wp-element-button\" href=\"https:\/\/protrail.fi\/?page_id=84\">Ota yhteytt\u00e4!<\/a><\/div>\n<\/div>\n\n\n\n<div style=\"height:100px\" aria-hidden=\"true\" class=\"wp-block-spacer\"><\/div>\n<\/div><\/div>\n<\/div><\/div>\n\n\n\n<div style=\"height:100px\" aria-hidden=\"true\" class=\"wp-block-spacer\"><\/div>\n","protected":false},"excerpt":{"rendered":"<p>Vaikuttavia tapahtumia, jotka tuottavat tulosta J\u00e4rjest\u00e4mme konseptoituja ja r\u00e4\u00e4t\u00e4l\u00f6ityj\u00e4 tapahtumia, jotka luovat merkityksellisi\u00e4 ja kustannustehokkaita kohtaamisia ymp\u00e4ri vuoden. Tapahtumamme tarjoavat br\u00e4ndillesi vahvaa n\u00e4kyvyytt\u00e4, unohtumattomia el\u00e4myksi\u00e4 ja suoraa kontaktia kohderyhm\u00e4\u00e4si. Toteutamme niin laajamittaisia yleis\u00f6tapahtumia kuin yksil\u00f6llisesti suunniteltuja yritystapahtumia \u2013 aina laadukkaasti ja tavoitteellisesti. Suunnittelemme ja toteutamme yrityksille ja br\u00e4ndeille r\u00e4\u00e4t\u00e4l\u00f6ityj\u00e4 tapahtumia avaimet k\u00e4teen -periaatteella. Olipa kyseess\u00e4&hellip;&nbsp;<a href=\"https:\/\/protrail.fi\/?page_id=66\" rel=\"bookmark\">Read More &raquo;<span class=\"screen-reader-text\">Tapahtumat<\/span><\/a><\/p>\n","protected":false},"author":1,"featured_media":0,"parent":0,"menu_order":0,"comment_status":"closed","ping_status":"closed","template":"","meta":{"neve_meta_sidebar":"","neve_meta_container":"","neve_meta_enable_content_width":"","neve_meta_content_width":0,"neve_meta_title_alignment":"","neve_meta_author_avatar":"","neve_post_elements_order":"","neve_meta_disable_header":"","neve_meta_disable_footer":"","neve_meta_disable_title":"","neve_meta_reading_time":"","footnotes":""},"class_list":["post-66","page","type-page","status-publish","hentry"],"_links":{"self":[{"href":"https:\/\/protrail.fi\/index.php?rest_route=\/wp\/v2\/pages\/66","targetHints":{"allow":["GET"]}}],"collection":[{"href":"https:\/\/protrail.fi\/index.php?rest_route=\/wp\/v2\/pages"}],"about":[{"href":"https:\/\/protrail.fi\/index.php?rest_route=\/wp\/v2\/types\/page"}],"author":[{"embeddable":true,"href":"https:\/\/protrail.fi\/index.php?rest_route=\/wp\/v2\/users\/1"}],"replies":[{"embeddable":true,"href":"https:\/\/protrail.fi\/index.php?rest_route=%2Fwp%2Fv2%2Fcomments&post=66"}],"version-history":[{"count":32,"href":"https:\/\/protrail.fi\/index.php?rest_route=\/wp\/v2\/pages\/66\/revisions"}],"predecessor-version":[{"id":645,"href":"https:\/\/protrail.fi\/index.php?rest_route=\/wp\/v2\/pages\/66\/revisions\/645"}],"wp:attachment":[{"href":"https:\/\/protrail.fi\/index.php?rest_route=%2Fwp%2Fv2%2Fmedia&parent=66"}],"curies":[{"name":"wp","href":"https:\/\/api.w.org\/{rel}","templated":true}]}}