{"id":73,"date":"2025-02-03T18:50:42","date_gmt":"2025-02-03T18:50:42","guid":{"rendered":"https:\/\/protrail.fi\/?page_id=73"},"modified":"2025-09-10T08:38:19","modified_gmt":"2025-09-10T08:38:19","slug":"promootiot","status":"publish","type":"page","link":"https:\/\/protrail.fi\/?page_id=73","title":{"rendered":"Promootiot"},"content":{"rendered":"\n<div class=\"wp-block-cover alignfull is-light\" style=\"min-height:557px;aspect-ratio:unset;\"><img loading=\"lazy\" decoding=\"async\" width=\"1965\" height=\"2456\" class=\"wp-block-cover__image-background wp-image-352\" alt=\"\" src=\"https:\/\/protrail.fi\/wp-content\/uploads\/2025\/04\/image2-1.jpeg\" style=\"object-position:51% 53%\" data-object-fit=\"cover\" data-object-position=\"51% 53%\" srcset=\"https:\/\/protrail.fi\/wp-content\/uploads\/2025\/04\/image2-1.jpeg 1965w, https:\/\/protrail.fi\/wp-content\/uploads\/2025\/04\/image2-1-240x300.jpeg 240w, https:\/\/protrail.fi\/wp-content\/uploads\/2025\/04\/image2-1-819x1024.jpeg 819w, https:\/\/protrail.fi\/wp-content\/uploads\/2025\/04\/image2-1-768x960.jpeg 768w, https:\/\/protrail.fi\/wp-content\/uploads\/2025\/04\/image2-1-1229x1536.jpeg 1229w, https:\/\/protrail.fi\/wp-content\/uploads\/2025\/04\/image2-1-1639x2048.jpeg 1639w\" sizes=\"auto, (max-width: 1965px) 100vw, 1965px\" \/><span aria-hidden=\"true\" class=\"wp-block-cover__background has-background-dim-30 has-background-dim\" style=\"background-color:#98616c\"><\/span><div class=\"wp-block-cover__inner-container is-layout-flow wp-block-cover-is-layout-flow\">\n<p><\/p>\n\n\n\n<h1 class=\"wp-block-heading has-text-align-center has-white-color has-text-color\">Promootiot<\/h1>\n\n\n\n<div style=\"height:40px\" aria-hidden=\"true\" class=\"wp-block-spacer\"><\/div>\n\n\n\n<div class=\"wp-block-group\"><div class=\"wp-block-group__inner-container is-layout-flow wp-block-group-is-layout-flow\">\n<div class=\"wp-block-buttons is-content-justification-center is-layout-flex wp-container-core-buttons-is-layout-16018d1d wp-block-buttons-is-layout-flex\"><\/div>\n<\/div><\/div>\n<\/div><\/div>\n\n\n\n<div style=\"height:84px\" aria-hidden=\"true\" class=\"wp-block-spacer\"><\/div>\n\n\n\n<div class=\"wp-block-columns is-layout-flex wp-container-core-columns-is-layout-9d6595d7 wp-block-columns-is-layout-flex\">\n<div class=\"wp-block-column is-layout-flow wp-block-column-is-layout-flow\">\n<figure class=\"wp-block-image size-large\"><img loading=\"lazy\" decoding=\"async\" width=\"854\" height=\"1024\" src=\"https:\/\/protrail.fi\/wp-content\/uploads\/2025\/04\/Grandiosa-854x1024.jpg\" alt=\"\" class=\"wp-image-335\" srcset=\"https:\/\/protrail.fi\/wp-content\/uploads\/2025\/04\/Grandiosa-854x1024.jpg 854w, https:\/\/protrail.fi\/wp-content\/uploads\/2025\/04\/Grandiosa-250x300.jpg 250w, https:\/\/protrail.fi\/wp-content\/uploads\/2025\/04\/Grandiosa-768x921.jpg 768w, https:\/\/protrail.fi\/wp-content\/uploads\/2025\/04\/Grandiosa.jpg 904w\" sizes=\"auto, (max-width: 854px) 100vw, 854px\" \/><\/figure>\n<\/div>\n\n\n\n<div class=\"wp-block-column is-vertically-aligned-center is-layout-flow wp-block-column-is-layout-flow\">\n<h2 class=\"wp-block-heading\">Promootiokampanjat eri kanavissa ja tapahtumissa<\/h2>\n\n\n\n<p>Suunnittelemme ja toteutamme r\u00e4\u00e4t\u00e4l\u00f6ityj\u00e4 promootioita, jotka tukevat asiakkaidemme liiketoimintatavoitteita ja br\u00e4ndiviestint\u00e4\u00e4. Olipa kyseess\u00e4 myym\u00e4l\u00e4, messut, kadut, festarit tai muut tapahtumat, tuomme tuotteet esille tavalla, joka her\u00e4tt\u00e4\u00e4 huomiota ja edist\u00e4\u00e4 myynti\u00e4. K\u00e4yt\u00f6ss\u00e4mme on monenlaisia keinoja, kuten br\u00e4nd\u00e4tyt teltat, autot ja liikkuvat promoottorit, jotka takaavat n\u00e4kyvyytt\u00e4 ja houkuttelevat asiakkaita.<\/p>\n\n\n\n<p>Valtakunnallinen reservimme kattaa laajan valikoiman asiantuntevia ammattilaisia, kuten VIP-em\u00e4nti\u00e4 ja -is\u00e4nti\u00e4, hosteja, promoottoreita, konsulentteja ja sis\u00e4\u00e4nheitt\u00e4ji\u00e4. Meilt\u00e4 l\u00f6ytyy oikean profiilin ihmiset jokaiseen tilaisuuteen ja tuotteelle, my\u00f6s alkoholipromootioihin. N\u00e4in voimme taata, ett\u00e4 promootio sujuu asiantuntevasti ja tehokkaasti, houkutellen asiakkaita ja vahvistaen br\u00e4ndisi n\u00e4kyvyytt\u00e4.<\/p>\n\n\n\n<div class=\"wp-block-buttons is-layout-flex wp-block-buttons-is-layout-flex\">\n<div class=\"wp-block-button is-style-primary\"><a class=\"wp-block-button__link wp-element-button\" href=\"https:\/\/protrail.fi\/?page_id=84\">Kysy lis\u00e4\u00e4!<\/a><\/div>\n<\/div>\n<\/div>\n<\/div>\n\n\n\n<div style=\"height:100px\" aria-hidden=\"true\" class=\"wp-block-spacer\"><\/div>\n\n\n\n<div class=\"wp-block-columns is-layout-flex wp-container-core-columns-is-layout-9d6595d7 wp-block-columns-is-layout-flex\">\n<div class=\"wp-block-column is-layout-flow wp-block-column-is-layout-flow\">\n<figure class=\"wp-block-image size-full\"><img loading=\"lazy\" decoding=\"async\" width=\"399\" height=\"479\" src=\"https:\/\/protrail.fi\/wp-content\/uploads\/2025\/06\/Libresse-1.jpg\" alt=\"\" class=\"wp-image-538\" srcset=\"https:\/\/protrail.fi\/wp-content\/uploads\/2025\/06\/Libresse-1.jpg 399w, https:\/\/protrail.fi\/wp-content\/uploads\/2025\/06\/Libresse-1-250x300.jpg 250w\" sizes=\"auto, (max-width: 399px) 100vw, 399px\" \/><\/figure>\n<\/div>\n\n\n\n<div class=\"wp-block-column is-layout-flow wp-block-column-is-layout-flow\">\n<figure class=\"wp-block-image size-full\"><img loading=\"lazy\" decoding=\"async\" width=\"724\" height=\"868\" src=\"https:\/\/protrail.fi\/wp-content\/uploads\/2025\/04\/Tapahtuma-1.jpg\" alt=\"\" class=\"wp-image-425\" srcset=\"https:\/\/protrail.fi\/wp-content\/uploads\/2025\/04\/Tapahtuma-1.jpg 724w, https:\/\/protrail.fi\/wp-content\/uploads\/2025\/04\/Tapahtuma-1-250x300.jpg 250w\" sizes=\"auto, (max-width: 724px) 100vw, 724px\" \/><\/figure>\n<\/div>\n\n\n\n<div class=\"wp-block-column is-vertically-aligned-center is-layout-flow wp-block-column-is-layout-flow\">\n<h3 class=\"wp-block-heading\"><strong>N\u00e4ytt\u00e4v\u00e4t promootiot, jotka tuovat tuloksia<\/strong><\/h3>\n\n\n\n<p>Br\u00e4nd\u00e4tyt teltat, autot ja liikkuvat promoottorit varmistavat n\u00e4kyvyytesi eri tapahtumissa ja paikoissa. Asiantunteva tiimimme, joka koostuu esimerkiksi promoottoreista ja konsulenteista, huolehtii, ett\u00e4 promootio her\u00e4tt\u00e4\u00e4 huomiota ja lis\u00e4\u00e4 suoraan myynti\u00e4. Jokainen promootio on r\u00e4\u00e4t\u00e4l\u00f6ity edist\u00e4m\u00e4\u00e4n br\u00e4ndisi n\u00e4kyvyytt\u00e4 ja houkuttelevuutta.<\/p>\n<\/div>\n<\/div>\n\n\n\n<div style=\"height:100px\" aria-hidden=\"true\" class=\"wp-block-spacer\"><\/div>\n\n\n\n<figure class=\"wp-block-gallery has-nested-images columns-default is-cropped wp-block-gallery-1 is-layout-flex wp-block-gallery-is-layout-flex\">\n<figure class=\"wp-block-image size-full\"><img loading=\"lazy\" decoding=\"async\" width=\"399\" height=\"493\" data-id=\"536\" src=\"https:\/\/protrail.fi\/wp-content\/uploads\/2025\/06\/Libresse.jpg\" alt=\"\" class=\"wp-image-536\" srcset=\"https:\/\/protrail.fi\/wp-content\/uploads\/2025\/06\/Libresse.jpg 399w, https:\/\/protrail.fi\/wp-content\/uploads\/2025\/06\/Libresse-243x300.jpg 243w\" sizes=\"auto, (max-width: 399px) 100vw, 399px\" \/><\/figure>\n\n\n\n<figure class=\"wp-block-image size-large\"><img loading=\"lazy\" decoding=\"async\" width=\"624\" height=\"820\" data-id=\"559\" src=\"https:\/\/protrail.fi\/wp-content\/uploads\/2025\/07\/Kuva1.jpg\" alt=\"\" class=\"wp-image-559\" srcset=\"https:\/\/protrail.fi\/wp-content\/uploads\/2025\/07\/Kuva1.jpg 624w, https:\/\/protrail.fi\/wp-content\/uploads\/2025\/07\/Kuva1-228x300.jpg 228w\" sizes=\"auto, (max-width: 624px) 100vw, 624px\" \/><\/figure>\n\n\n\n<figure class=\"wp-block-image size-large\"><img loading=\"lazy\" decoding=\"async\" width=\"1024\" height=\"808\" data-id=\"480\" src=\"https:\/\/protrail.fi\/wp-content\/uploads\/2025\/06\/Felix-kayt-1024x808.jpg\" alt=\"\" class=\"wp-image-480\" srcset=\"https:\/\/protrail.fi\/wp-content\/uploads\/2025\/06\/Felix-kayt-1024x808.jpg 1024w, https:\/\/protrail.fi\/wp-content\/uploads\/2025\/06\/Felix-kayt-300x237.jpg 300w, https:\/\/protrail.fi\/wp-content\/uploads\/2025\/06\/Felix-kayt-768x606.jpg 768w, https:\/\/protrail.fi\/wp-content\/uploads\/2025\/06\/Felix-kayt-1536x1212.jpg 1536w, https:\/\/protrail.fi\/wp-content\/uploads\/2025\/06\/Felix-kayt-2048x1616.jpg 2048w\" sizes=\"auto, (max-width: 1024px) 100vw, 1024px\" \/><\/figure>\n\n\n\n<figure class=\"wp-block-image size-large\"><img loading=\"lazy\" decoding=\"async\" width=\"769\" height=\"1024\" data-id=\"481\" src=\"https:\/\/protrail.fi\/wp-content\/uploads\/2025\/06\/Felix-kayta-769x1024.jpg\" alt=\"\" class=\"wp-image-481\" srcset=\"https:\/\/protrail.fi\/wp-content\/uploads\/2025\/06\/Felix-kayta-769x1024.jpg 769w, https:\/\/protrail.fi\/wp-content\/uploads\/2025\/06\/Felix-kayta-225x300.jpg 225w, https:\/\/protrail.fi\/wp-content\/uploads\/2025\/06\/Felix-kayta-768x1023.jpg 768w, https:\/\/protrail.fi\/wp-content\/uploads\/2025\/06\/Felix-kayta-1153x1536.jpg 1153w, https:\/\/protrail.fi\/wp-content\/uploads\/2025\/06\/Felix-kayta.jpg 1501w\" sizes=\"auto, (max-width: 769px) 100vw, 769px\" \/><\/figure>\n\n\n\n<figure class=\"wp-block-image size-large\"><img loading=\"lazy\" decoding=\"async\" width=\"847\" height=\"1024\" data-id=\"622\" src=\"https:\/\/protrail.fi\/wp-content\/uploads\/2025\/08\/F-tosi-hyva-847x1024.jpg\" alt=\"Myym\u00e4l\u00e4promootio, promootio, Felix, br\u00e4ndin\u00e4kyvyys, tapahtumat, messut\" class=\"wp-image-622\" srcset=\"https:\/\/protrail.fi\/wp-content\/uploads\/2025\/08\/F-tosi-hyva-847x1024.jpg 847w, https:\/\/protrail.fi\/wp-content\/uploads\/2025\/08\/F-tosi-hyva-248x300.jpg 248w, https:\/\/protrail.fi\/wp-content\/uploads\/2025\/08\/F-tosi-hyva-768x929.jpg 768w, https:\/\/protrail.fi\/wp-content\/uploads\/2025\/08\/F-tosi-hyva-1270x1536.jpg 1270w, https:\/\/protrail.fi\/wp-content\/uploads\/2025\/08\/F-tosi-hyva-1694x2048.jpg 1694w\" sizes=\"auto, (max-width: 847px) 100vw, 847px\" \/><\/figure>\n\n\n\n<figure class=\"wp-block-image size-large\"><img loading=\"lazy\" decoding=\"async\" width=\"791\" height=\"1024\" data-id=\"484\" src=\"https:\/\/protrail.fi\/wp-content\/uploads\/2025\/06\/G-hyva-791x1024.jpg\" alt=\"\" class=\"wp-image-484\" srcset=\"https:\/\/protrail.fi\/wp-content\/uploads\/2025\/06\/G-hyva-791x1024.jpg 791w, https:\/\/protrail.fi\/wp-content\/uploads\/2025\/06\/G-hyva-232x300.jpg 232w, https:\/\/protrail.fi\/wp-content\/uploads\/2025\/06\/G-hyva-768x994.jpg 768w, https:\/\/protrail.fi\/wp-content\/uploads\/2025\/06\/G-hyva-1186x1536.jpg 1186w, https:\/\/protrail.fi\/wp-content\/uploads\/2025\/06\/G-hyva.jpg 1463w\" sizes=\"auto, (max-width: 791px) 100vw, 791px\" \/><\/figure>\n<\/figure>\n\n\n\n<div style=\"height:100px\" aria-hidden=\"true\" class=\"wp-block-spacer\"><\/div>\n\n\n\n<div class=\"wp-block-cover alignfull is-light\" style=\"min-height:500px;aspect-ratio:unset;\"><img loading=\"lazy\" decoding=\"async\" width=\"683\" height=\"1024\" class=\"wp-block-cover__image-background wp-image-636 size-large\" alt=\"\" src=\"https:\/\/protrail.fi\/wp-content\/uploads\/2025\/08\/vertical-background-of-yellow-pleated-fabric-2025-02-02-21-04-39-utc-683x1024.jpg\" data-object-fit=\"cover\" srcset=\"https:\/\/protrail.fi\/wp-content\/uploads\/2025\/08\/vertical-background-of-yellow-pleated-fabric-2025-02-02-21-04-39-utc-683x1024.jpg 683w, https:\/\/protrail.fi\/wp-content\/uploads\/2025\/08\/vertical-background-of-yellow-pleated-fabric-2025-02-02-21-04-39-utc-200x300.jpg 200w, https:\/\/protrail.fi\/wp-content\/uploads\/2025\/08\/vertical-background-of-yellow-pleated-fabric-2025-02-02-21-04-39-utc-768x1152.jpg 768w, https:\/\/protrail.fi\/wp-content\/uploads\/2025\/08\/vertical-background-of-yellow-pleated-fabric-2025-02-02-21-04-39-utc-1024x1536.jpg 1024w, https:\/\/protrail.fi\/wp-content\/uploads\/2025\/08\/vertical-background-of-yellow-pleated-fabric-2025-02-02-21-04-39-utc-1365x2048.jpg 1365w, https:\/\/protrail.fi\/wp-content\/uploads\/2025\/08\/vertical-background-of-yellow-pleated-fabric-2025-02-02-21-04-39-utc-scaled.jpg 1707w\" sizes=\"auto, (max-width: 683px) 100vw, 683px\" \/><span aria-hidden=\"true\" class=\"wp-block-cover__background has-background-dim-80 has-background-dim\" style=\"background-color:#ff9001\"><\/span><div class=\"wp-block-cover__inner-container is-layout-flow wp-block-cover-is-layout-flow\">\n<div class=\"wp-block-columns alignwide is-layout-flex wp-container-core-columns-is-layout-9d6595d7 wp-block-columns-is-layout-flex\">\n<div class=\"wp-block-column is-vertically-aligned-center is-layout-flow wp-block-column-is-layout-flow\" style=\"flex-basis:66.66%\">\n<h1 class=\"wp-block-heading has-text-align-left has-neve-text-color-color has-text-color\"><mark style=\"background-color:rgba(0, 0, 0, 0)\" class=\"has-inline-color has-nv-text-dark-bg-color\">Ota yhteytt\u00e4 niin suunnitellaan promootio sinun br\u00e4ndillesi!<\/mark><\/h1>\n\n\n\n<div class=\"wp-block-buttons is-horizontal is-content-justification-left is-layout-flex wp-container-core-buttons-is-layout-7e5fce0a wp-block-buttons-is-layout-flex\">\n<div class=\"wp-block-button is-style-primary\"><a class=\"wp-block-button__link wp-element-button\" href=\"https:\/\/protrail.fi\/?page_id=84\">Ota yhteytt\u00e4!<\/a><\/div>\n<\/div>\n<\/div>\n\n\n\n<div class=\"wp-block-column is-layout-flow wp-block-column-is-layout-flow\" style=\"flex-basis:33.33%\"><\/div>\n<\/div>\n<\/div><\/div>\n\n\n\n<div style=\"height:100px\" aria-hidden=\"true\" class=\"wp-block-spacer\"><\/div>\n","protected":false},"excerpt":{"rendered":"<p>Promootiokampanjat eri kanavissa ja tapahtumissa Suunnittelemme ja toteutamme r\u00e4\u00e4t\u00e4l\u00f6ityj\u00e4 promootioita, jotka tukevat asiakkaidemme liiketoimintatavoitteita ja br\u00e4ndiviestint\u00e4\u00e4. Olipa kyseess\u00e4 myym\u00e4l\u00e4, messut, kadut, festarit tai muut tapahtumat, tuomme tuotteet esille tavalla, joka her\u00e4tt\u00e4\u00e4 huomiota ja edist\u00e4\u00e4 myynti\u00e4. K\u00e4yt\u00f6ss\u00e4mme on monenlaisia keinoja, kuten br\u00e4nd\u00e4tyt teltat, autot ja liikkuvat promoottorit, jotka takaavat n\u00e4kyvyytt\u00e4 ja houkuttelevat asiakkaita. Valtakunnallinen reservimme kattaa&hellip;&nbsp;<a href=\"https:\/\/protrail.fi\/?page_id=73\" rel=\"bookmark\">Read More &raquo;<span class=\"screen-reader-text\">Promootiot<\/span><\/a><\/p>\n","protected":false},"author":1,"featured_media":0,"parent":0,"menu_order":0,"comment_status":"closed","ping_status":"closed","template":"","meta":{"neve_meta_sidebar":"","neve_meta_container":"","neve_meta_enable_content_width":"","neve_meta_content_width":0,"neve_meta_title_alignment":"","neve_meta_author_avatar":"","neve_post_elements_order":"","neve_meta_disable_header":"","neve_meta_disable_footer":"","neve_meta_disable_title":"","neve_meta_reading_time":"","footnotes":""},"class_list":["post-73","page","type-page","status-publish","hentry"],"_links":{"self":[{"href":"https:\/\/protrail.fi\/index.php?rest_route=\/wp\/v2\/pages\/73","targetHints":{"allow":["GET"]}}],"collection":[{"href":"https:\/\/protrail.fi\/index.php?rest_route=\/wp\/v2\/pages"}],"about":[{"href":"https:\/\/protrail.fi\/index.php?rest_route=\/wp\/v2\/types\/page"}],"author":[{"embeddable":true,"href":"https:\/\/protrail.fi\/index.php?rest_route=\/wp\/v2\/users\/1"}],"replies":[{"embeddable":true,"href":"https:\/\/protrail.fi\/index.php?rest_route=%2Fwp%2Fv2%2Fcomments&post=73"}],"version-history":[{"count":36,"href":"https:\/\/protrail.fi\/index.php?rest_route=\/wp\/v2\/pages\/73\/revisions"}],"predecessor-version":[{"id":644,"href":"https:\/\/protrail.fi\/index.php?rest_route=\/wp\/v2\/pages\/73\/revisions\/644"}],"wp:attachment":[{"href":"https:\/\/protrail.fi\/index.php?rest_route=%2Fwp%2Fv2%2Fmedia&parent=73"}],"curies":[{"name":"wp","href":"https:\/\/api.w.org\/{rel}","templated":true}]}}