{"id":79,"date":"2025-02-03T18:50:27","date_gmt":"2025-02-03T18:50:27","guid":{"rendered":"https:\/\/protrail.fi\/?page_id=79"},"modified":"2025-08-27T08:36:27","modified_gmt":"2025-08-27T08:36:27","slug":"pos-materiaalit","status":"publish","type":"page","link":"https:\/\/protrail.fi\/?page_id=79","title":{"rendered":"POS-materiaalit"},"content":{"rendered":"\n<div class=\"wp-block-cover alignfull is-light\" style=\"min-height:534px;aspect-ratio:unset;\"><img loading=\"lazy\" decoding=\"async\" width=\"683\" height=\"1024\" class=\"wp-block-cover__image-background wp-image-636 size-large\" alt=\"\" src=\"https:\/\/protrail.fi\/wp-content\/uploads\/2025\/08\/vertical-background-of-yellow-pleated-fabric-2025-02-02-21-04-39-utc-683x1024.jpg\" style=\"object-position:21% 72%\" data-object-fit=\"cover\" data-object-position=\"21% 72%\" srcset=\"https:\/\/protrail.fi\/wp-content\/uploads\/2025\/08\/vertical-background-of-yellow-pleated-fabric-2025-02-02-21-04-39-utc-683x1024.jpg 683w, https:\/\/protrail.fi\/wp-content\/uploads\/2025\/08\/vertical-background-of-yellow-pleated-fabric-2025-02-02-21-04-39-utc-200x300.jpg 200w, https:\/\/protrail.fi\/wp-content\/uploads\/2025\/08\/vertical-background-of-yellow-pleated-fabric-2025-02-02-21-04-39-utc-768x1152.jpg 768w, https:\/\/protrail.fi\/wp-content\/uploads\/2025\/08\/vertical-background-of-yellow-pleated-fabric-2025-02-02-21-04-39-utc-1024x1536.jpg 1024w, https:\/\/protrail.fi\/wp-content\/uploads\/2025\/08\/vertical-background-of-yellow-pleated-fabric-2025-02-02-21-04-39-utc-1365x2048.jpg 1365w, https:\/\/protrail.fi\/wp-content\/uploads\/2025\/08\/vertical-background-of-yellow-pleated-fabric-2025-02-02-21-04-39-utc-scaled.jpg 1707w\" sizes=\"auto, (max-width: 683px) 100vw, 683px\" \/><span aria-hidden=\"true\" class=\"wp-block-cover__background has-background-dim-30 has-background-dim\" style=\"background-color:#ff9001\"><\/span><div class=\"wp-block-cover__inner-container is-layout-flow wp-block-cover-is-layout-flow\">\n<p><\/p>\n\n\n\n<p><\/p>\n\n\n\n<p><\/p>\n\n\n\n<h1 class=\"wp-block-heading has-text-align-center has-white-color has-text-color\">POS-materiaalit br\u00e4ndisi tueksi promootioihin, tapahtumiin ja messuille<\/h1>\n\n\n\n<p class=\"has-text-align-center has-white-color has-text-color\" style=\"font-size:23px\"><\/p>\n\n\n\n<div style=\"height:40px\" aria-hidden=\"true\" class=\"wp-block-spacer\"><\/div>\n\n\n\n<div class=\"wp-block-group\"><div class=\"wp-block-group__inner-container is-layout-flow wp-block-group-is-layout-flow\">\n<div class=\"wp-block-buttons is-content-justification-center is-layout-flex wp-container-core-buttons-is-layout-16018d1d wp-block-buttons-is-layout-flex\"><\/div>\n<\/div><\/div>\n<\/div><\/div>\n\n\n\n<div style=\"height:59px\" aria-hidden=\"true\" class=\"wp-block-spacer\"><\/div>\n\n\n\n<h2 class=\"wp-block-heading\">Monipuoliset POS-materiaalit br\u00e4ndisi tueksi<\/h2>\n\n\n\n<p>Voit tilata kauttamme my\u00f6s laajan valikoiman POS-materiaaleja, jotka tukevat br\u00e4ndisi n\u00e4kyvyytt\u00e4 ja myynti\u00e4 myym\u00e4l\u00f6iss\u00e4 ja tapahtumissa. Voimme toteuttaa kaiken kokoisia ja tyyppisi\u00e4 materiaaleja, aina pienist\u00e4 teipeist\u00e4 ja esitteist\u00e4 suurille myym\u00e4l\u00e4rakennelmille ja pinnoille. Meilt\u00e4 l\u00f6ytyy ratkaisut niin n\u00e4ytt\u00e4viin myym\u00e4l\u00e4materiaaleihin kuin pieniin yksityiskohtiin, kuten tuotepakkauksiin ja vaatteisiin.<\/p>\n\n\n\n<p>Toteutamme my\u00f6s br\u00e4nd\u00e4ttyj\u00e4 vaatteita ja jakeluun tarkoitettuja gimmeckeja. Meilt\u00e4 onnistuvat my\u00f6s vaativammatkin materiaalit, kuten suurikokoiset mainossein\u00e4t ja visuaaliset esillepanoratkaisut, jotka erottuvat myym\u00e4l\u00e4ss\u00e4 ja tapahtumissa. Kaikki POS-materiaalit valmistetaan huolellisesti ja br\u00e4ndisi mukaisesti varmistaen, ett\u00e4 viesti on selke\u00e4 ja tehokas.<\/p>\n\n\n\n<div style=\"height:79px\" aria-hidden=\"true\" class=\"wp-block-spacer\"><\/div>\n\n\n\n<div class=\"wp-block-group\"><div class=\"wp-block-group__inner-container is-layout-flow wp-block-group-is-layout-flow\">\n<figure class=\"wp-block-gallery has-nested-images columns-4 is-cropped wp-block-gallery-1 is-layout-flex wp-block-gallery-is-layout-flex\">\n<figure class=\"wp-block-image size-full\"><img loading=\"lazy\" decoding=\"async\" width=\"724\" height=\"868\" data-id=\"444\" src=\"https:\/\/protrail.fi\/wp-content\/uploads\/2025\/04\/Naturli-3.jpg\" alt=\"\" class=\"wp-image-444\" srcset=\"https:\/\/protrail.fi\/wp-content\/uploads\/2025\/04\/Naturli-3.jpg 724w, https:\/\/protrail.fi\/wp-content\/uploads\/2025\/04\/Naturli-3-250x300.jpg 250w\" sizes=\"auto, (max-width: 724px) 100vw, 724px\" \/><\/figure>\n\n\n\n<figure class=\"wp-block-image size-large\"><img loading=\"lazy\" decoding=\"async\" width=\"854\" height=\"1024\" data-id=\"448\" src=\"https:\/\/protrail.fi\/wp-content\/uploads\/2025\/04\/Felix-3-854x1024.jpg\" alt=\"\" class=\"wp-image-448\" srcset=\"https:\/\/protrail.fi\/wp-content\/uploads\/2025\/04\/Felix-3-854x1024.jpg 854w, https:\/\/protrail.fi\/wp-content\/uploads\/2025\/04\/Felix-3-250x300.jpg 250w, https:\/\/protrail.fi\/wp-content\/uploads\/2025\/04\/Felix-3-768x921.jpg 768w, https:\/\/protrail.fi\/wp-content\/uploads\/2025\/04\/Felix-3.jpg 904w\" sizes=\"auto, (max-width: 854px) 100vw, 854px\" \/><\/figure>\n\n\n\n<figure class=\"wp-block-image size-full\"><img loading=\"lazy\" decoding=\"async\" width=\"531\" height=\"398\" data-id=\"447\" src=\"https:\/\/protrail.fi\/wp-content\/uploads\/2025\/04\/Felix2.jpg\" alt=\"\" class=\"wp-image-447\" srcset=\"https:\/\/protrail.fi\/wp-content\/uploads\/2025\/04\/Felix2.jpg 531w, https:\/\/protrail.fi\/wp-content\/uploads\/2025\/04\/Felix2-300x225.jpg 300w\" sizes=\"auto, (max-width: 531px) 100vw, 531px\" \/><\/figure>\n\n\n\n<figure class=\"wp-block-image size-full\"><img loading=\"lazy\" decoding=\"async\" width=\"620\" height=\"808\" data-id=\"445\" src=\"https:\/\/protrail.fi\/wp-content\/uploads\/2025\/04\/Messustandi-1.jpg\" alt=\"\" class=\"wp-image-445\" srcset=\"https:\/\/protrail.fi\/wp-content\/uploads\/2025\/04\/Messustandi-1.jpg 620w, https:\/\/protrail.fi\/wp-content\/uploads\/2025\/04\/Messustandi-1-230x300.jpg 230w\" sizes=\"auto, (max-width: 620px) 100vw, 620px\" \/><\/figure>\n\n\n\n<figure class=\"wp-block-image size-full\"><img loading=\"lazy\" decoding=\"async\" width=\"399\" height=\"493\" data-id=\"547\" src=\"https:\/\/protrail.fi\/wp-content\/uploads\/2025\/06\/Libresse1.jpg\" alt=\"\" class=\"wp-image-547\" srcset=\"https:\/\/protrail.fi\/wp-content\/uploads\/2025\/06\/Libresse1.jpg 399w, https:\/\/protrail.fi\/wp-content\/uploads\/2025\/06\/Libresse1-243x300.jpg 243w\" sizes=\"auto, (max-width: 399px) 100vw, 399px\" \/><\/figure>\n\n\n\n<figure class=\"wp-block-image size-full\"><img loading=\"lazy\" decoding=\"async\" width=\"724\" height=\"868\" data-id=\"328\" src=\"https:\/\/protrail.fi\/wp-content\/uploads\/2025\/04\/Messut-2.jpg\" alt=\"\" class=\"wp-image-328\" srcset=\"https:\/\/protrail.fi\/wp-content\/uploads\/2025\/04\/Messut-2.jpg 724w, https:\/\/protrail.fi\/wp-content\/uploads\/2025\/04\/Messut-2-250x300.jpg 250w\" sizes=\"auto, (max-width: 724px) 100vw, 724px\" \/><\/figure>\n<\/figure>\n\n\n\n<div style=\"height:54px\" aria-hidden=\"true\" class=\"wp-block-spacer\"><\/div>\n\n\n\n<div class=\"wp-block-buttons is-content-justification-center is-layout-flex wp-container-core-buttons-is-layout-16018d1d wp-block-buttons-is-layout-flex\">\n<div class=\"wp-block-button is-style-primary\"><a class=\"wp-block-button__link wp-element-button\" href=\"https:\/\/protrail.fi\/?page_id=84\">Ota yhteytt\u00e4 ja kysy lis\u00e4\u00e4!<\/a><\/div>\n<\/div>\n<\/div><\/div>\n\n\n\n<div style=\"height:57px\" aria-hidden=\"true\" class=\"wp-block-spacer\"><\/div>\n\n\n\n<div class=\"wp-block-columns is-layout-flex wp-container-core-columns-is-layout-9d6595d7 wp-block-columns-is-layout-flex\">\n<div class=\"wp-block-column is-layout-flow wp-block-column-is-layout-flow\">\n<figure class=\"wp-block-image size-large\"><img loading=\"lazy\" decoding=\"async\" width=\"1007\" height=\"1024\" src=\"https:\/\/protrail.fi\/wp-content\/uploads\/2025\/06\/F-pos-1007x1024.jpg\" alt=\"\" class=\"wp-image-517\" srcset=\"https:\/\/protrail.fi\/wp-content\/uploads\/2025\/06\/F-pos-1007x1024.jpg 1007w, https:\/\/protrail.fi\/wp-content\/uploads\/2025\/06\/F-pos-295x300.jpg 295w, https:\/\/protrail.fi\/wp-content\/uploads\/2025\/06\/F-pos-768x781.jpg 768w, https:\/\/protrail.fi\/wp-content\/uploads\/2025\/06\/F-pos.jpg 1181w\" sizes=\"auto, (max-width: 1007px) 100vw, 1007px\" \/><\/figure>\n<\/div>\n\n\n\n<div class=\"wp-block-column is-vertically-aligned-center is-layout-flow wp-block-column-is-layout-flow\">\n<h3 class=\"wp-block-heading\">N\u00e4kyvyytt\u00e4 myym\u00e4l\u00e4\u00e4n<\/h3>\n\n\n\n<p>Voimme toteuttaa kaiken kokoisia ja tyyppisi\u00e4 materiaaleja, aina pienist\u00e4 teipeist\u00e4 ja esitteist\u00e4 suurille myym\u00e4l\u00e4rakennelmille ja pinnoille. Meilt\u00e4 l\u00f6ytyy ratkaisut niin n\u00e4ytt\u00e4viin myym\u00e4l\u00e4materiaaleihin kuin pieniin yksityiskohtiin, kuten tuotepakkauksiin ja vaatteisiin.<\/p>\n<\/div>\n<\/div>\n\n\n\n<div style=\"height:100px\" aria-hidden=\"true\" class=\"wp-block-spacer\"><\/div>\n\n\n\n<div class=\"wp-block-cover alignfull is-light\" style=\"min-height:700px;aspect-ratio:unset;\"><img loading=\"lazy\" decoding=\"async\" width=\"1024\" height=\"698\" class=\"wp-block-cover__image-background wp-image-518 size-large\" alt=\"\" src=\"https:\/\/protrail.fi\/wp-content\/uploads\/2025\/06\/KaytaG-1-1024x698.jpg\" style=\"object-position:34% 70%\" data-object-fit=\"cover\" data-object-position=\"34% 70%\" srcset=\"https:\/\/protrail.fi\/wp-content\/uploads\/2025\/06\/KaytaG-1-1024x698.jpg 1024w, https:\/\/protrail.fi\/wp-content\/uploads\/2025\/06\/KaytaG-1-300x204.jpg 300w, https:\/\/protrail.fi\/wp-content\/uploads\/2025\/06\/KaytaG-1-768x523.jpg 768w, https:\/\/protrail.fi\/wp-content\/uploads\/2025\/06\/KaytaG-1-1536x1047.jpg 1536w, https:\/\/protrail.fi\/wp-content\/uploads\/2025\/06\/KaytaG-1.jpg 1762w\" sizes=\"auto, (max-width: 1024px) 100vw, 1024px\" \/><span aria-hidden=\"true\" class=\"wp-block-cover__background has-background-dim-0 has-background-dim\" style=\"background-color:#c78879\"><\/span><div class=\"wp-block-cover__inner-container is-layout-flow wp-block-cover-is-layout-flow\">\n<h1 class=\"wp-block-heading has-text-align-center has-white-color has-text-color\"><\/h1>\n\n\n\n<div style=\"height:40px\" aria-hidden=\"true\" class=\"wp-block-spacer\"><\/div>\n\n\n\n<div class=\"wp-block-group\"><div class=\"wp-block-group__inner-container is-layout-flow wp-block-group-is-layout-flow\">\n<div class=\"wp-block-buttons is-content-justification-center is-layout-flex wp-container-core-buttons-is-layout-16018d1d wp-block-buttons-is-layout-flex\"><\/div>\n<\/div><\/div>\n<\/div><\/div>\n\n\n\n<div style=\"height:100px\" aria-hidden=\"true\" class=\"wp-block-spacer\"><\/div>\n","protected":false},"excerpt":{"rendered":"<p>Monipuoliset POS-materiaalit br\u00e4ndisi tueksi Voit tilata kauttamme my\u00f6s laajan valikoiman POS-materiaaleja, jotka tukevat br\u00e4ndisi n\u00e4kyvyytt\u00e4 ja myynti\u00e4 myym\u00e4l\u00f6iss\u00e4 ja tapahtumissa. Voimme toteuttaa kaiken kokoisia ja tyyppisi\u00e4 materiaaleja, aina pienist\u00e4 teipeist\u00e4 ja esitteist\u00e4 suurille myym\u00e4l\u00e4rakennelmille ja pinnoille. Meilt\u00e4 l\u00f6ytyy ratkaisut niin n\u00e4ytt\u00e4viin myym\u00e4l\u00e4materiaaleihin kuin pieniin yksityiskohtiin, kuten tuotepakkauksiin ja vaatteisiin. Toteutamme my\u00f6s br\u00e4nd\u00e4ttyj\u00e4 vaatteita ja jakeluun&hellip;&nbsp;<a href=\"https:\/\/protrail.fi\/?page_id=79\" rel=\"bookmark\">Read More &raquo;<span class=\"screen-reader-text\">POS-materiaalit<\/span><\/a><\/p>\n","protected":false},"author":1,"featured_media":0,"parent":0,"menu_order":0,"comment_status":"closed","ping_status":"closed","template":"","meta":{"neve_meta_sidebar":"","neve_meta_container":"","neve_meta_enable_content_width":"","neve_meta_content_width":0,"neve_meta_title_alignment":"","neve_meta_author_avatar":"","neve_post_elements_order":"","neve_meta_disable_header":"","neve_meta_disable_footer":"","neve_meta_disable_title":"","neve_meta_reading_time":"","footnotes":""},"class_list":["post-79","page","type-page","status-publish","hentry"],"_links":{"self":[{"href":"https:\/\/protrail.fi\/index.php?rest_route=\/wp\/v2\/pages\/79","targetHints":{"allow":["GET"]}}],"collection":[{"href":"https:\/\/protrail.fi\/index.php?rest_route=\/wp\/v2\/pages"}],"about":[{"href":"https:\/\/protrail.fi\/index.php?rest_route=\/wp\/v2\/types\/page"}],"author":[{"embeddable":true,"href":"https:\/\/protrail.fi\/index.php?rest_route=\/wp\/v2\/users\/1"}],"replies":[{"embeddable":true,"href":"https:\/\/protrail.fi\/index.php?rest_route=%2Fwp%2Fv2%2Fcomments&post=79"}],"version-history":[{"count":26,"href":"https:\/\/protrail.fi\/index.php?rest_route=\/wp\/v2\/pages\/79\/revisions"}],"predecessor-version":[{"id":637,"href":"https:\/\/protrail.fi\/index.php?rest_route=\/wp\/v2\/pages\/79\/revisions\/637"}],"wp:attachment":[{"href":"https:\/\/protrail.fi\/index.php?rest_route=%2Fwp%2Fv2%2Fmedia&parent=79"}],"curies":[{"name":"wp","href":"https:\/\/api.w.org\/{rel}","templated":true}]}}